{"id":5179,"date":"2021-11-30T18:23:45","date_gmt":"2021-11-30T15:23:45","guid":{"rendered":"http:\/\/localhost\/teachingcreativity\/haberler\/"},"modified":"2023-02-13T19:02:17","modified_gmt":"2023-02-13T16:02:17","slug":"haberler","status":"publish","type":"page","link":"http:\/\/iestellez.ddns.net\/teachingcreativity\/haberler\/?lang=tr","title":{"rendered":"Haberler"},"content":{"rendered":"\t\t<div data-elementor-type=\"wp-page\" data-elementor-id=\"5179\" class=\"elementor elementor-5179 elementor-4533\" data-elementor-post-type=\"page\">\n\t\t\t\t\t\t\t\t\t<section class=\"elementor-section elementor-top-section elementor-element elementor-element-822b35a elementor-section-boxed elementor-section-height-default elementor-section-height-default\" data-id=\"822b35a\" data-element_type=\"section\">\n\t\t\t\t\t\t<div class=\"elementor-container elementor-column-gap-default\">\n\t\t\t\t\t<div class=\"elementor-column elementor-col-100 elementor-top-column elementor-element elementor-element-e34d5f0\" data-id=\"e34d5f0\" data-element_type=\"column\">\n\t\t\t<div class=\"elementor-widget-wrap elementor-element-populated\">\n\t\t\t\t\t\t\t\t<div class=\"elementor-element elementor-element-4c5f71c edubin-title-align-left elementor-widget elementor-widget-section-title-addons\" data-id=\"4c5f71c\" data-element_type=\"widget\" data-widget_type=\"section-title-addons.default\">\n\t\t\t\t<div class=\"elementor-widget-container\">\n\t\t\t            <div class=\"edubin-section-title edubin-subtitle-position- title-style-four\">\n                <h2 class=\"section-title-txt\">Haberler<\/h2><div class=edubin-title-sperator-sec><span class=\"edubin-title-sperator\">&nbsp;<\/span><\/div>            <\/div>\n\n        \t\t<\/div>\n\t\t\t\t<\/div>\n\t\t\t\t<div class=\"elementor-element elementor-element-763916e elementor-widget elementor-widget-text-editor\" data-id=\"763916e\" data-element_type=\"widget\" data-widget_type=\"text-editor.default\">\n\t\t\t\t<div class=\"elementor-widget-container\">\n\t\t\t\t\t\t\t<ul>\n \t<li><a href=\"\/wp-content\/uploads\/2022\/09\/No1-Turkish.pdf\" target=\"_blank\" rel=\"noopener\">Clive Haber B\u00fclteni No1 <\/a><\/li>\n \t<li><a href=\"\/wp-content\/uploads\/2022\/03\/CLIVE_Newsletter_No2b_TR.pdf\" target=\"_blank\" rel=\"noopener\">Clive Haber B\u00fclteni No2 <\/a><\/li>\n \t<li><a href=\"\/wp-content\/uploads\/2022\/09\/CLIVE_Newsletter_No3_TR.pdf\" target=\"_blank\" rel=\"noopener\">Clive Haber B\u00fclteni No3 <\/a><\/li>\n<li><a href=\"\/wp-content\/uploads\/2023\/02\/CLIVE_Newsletter_No4_TR.pdf\" target=\"_blank\" rel=\"noopener\">Clive Haber B\u00fclteni No4 <\/a><\/li>\n<\/ul>\t\t\t\t\t\t<\/div>\n\t\t\t\t<\/div>\n\t\t\t\t\t<\/div>\n\t\t<\/div>\n\t\t\t\t\t\t\t<\/div>\n\t\t<\/section>\n\t\t\t\t<section class=\"elementor-section elementor-top-section elementor-element elementor-element-39436638 elementor-section-boxed elementor-section-height-default elementor-section-height-default\" data-id=\"39436638\" data-element_type=\"section\" data-settings=\"{&quot;background_background&quot;:&quot;classic&quot;}\">\n\t\t\t\t\t\t<div class=\"elementor-container elementor-column-gap-default\">\n\t\t\t\t\t<div class=\"elementor-column elementor-col-100 elementor-top-column elementor-element elementor-element-5a7d29d5\" data-id=\"5a7d29d5\" data-element_type=\"column\">\n\t\t\t<div class=\"elementor-widget-wrap elementor-element-populated\">\n\t\t\t\t\t\t\t\t<div class=\"elementor-element elementor-element-db7826d elementor-widget__width-auto elementor-widget elementor-widget-image\" data-id=\"db7826d\" data-element_type=\"widget\" data-widget_type=\"image.default\">\n\t\t\t\t<div class=\"elementor-widget-container\">\n\t\t\t\t\t\t\t\t\t\t\t\t\t\t\t<img decoding=\"async\" width=\"525\" height=\"113\" src=\"http:\/\/iestellez.ddns.net\/teachingcreativity\/wp-content\/uploads\/2021\/06\/LogosBeneficairesErasmustransp_FN.jpg\" class=\"attachment-large size-large wp-image-4987\" alt=\"\" loading=\"lazy\" srcset=\"http:\/\/iestellez.ddns.net\/teachingcreativity\/wp-content\/uploads\/2021\/06\/LogosBeneficairesErasmustransp_FN.jpg 784w, http:\/\/iestellez.ddns.net\/teachingcreativity\/wp-content\/uploads\/2021\/06\/LogosBeneficairesErasmustransp_FN-300x64.jpg 300w, http:\/\/iestellez.ddns.net\/teachingcreativity\/wp-content\/uploads\/2021\/06\/LogosBeneficairesErasmustransp_FN-768x165.jpg 768w, http:\/\/iestellez.ddns.net\/teachingcreativity\/wp-content\/uploads\/2021\/06\/LogosBeneficairesErasmustransp_FN-600x129.jpg 600w\" sizes=\"(max-width: 525px) 100vw, 525px\" \/>\t\t\t\t\t\t\t\t\t\t\t\t\t\t\t<\/div>\n\t\t\t\t<\/div>\n\t\t\t\t<div class=\"elementor-element elementor-element-728e5149 elementor-widget__width-initial elementor-widget elementor-widget-text-editor\" data-id=\"728e5149\" data-element_type=\"widget\" data-widget_type=\"text-editor.default\">\n\t\t\t\t<div class=\"elementor-widget-container\">\n\t\t\t\t\t\t\t<p>Avrupa Komisyonu&#8217;nun bu ileti\u015fimin olu\u015fturulmas\u0131na verdi\u011fi destek, yaln\u0131zca yazarlar\u0131n g\u00f6r\u00fc\u015flerini yans\u0131tan <br>i\u00e7eriklerin onayland\u0131\u011f\u0131 anlam\u0131na gelmez ve burada yer alan bilgilerin herhangi bir \u015fekilde kullan\u0131lmas\u0131ndan <br>Komisyon sorumlu tutulamaz.<br><b style=\"color: #222222; font-family: Tahoma, Arial; font-size: 13px;\"><span lang=\"EN-GB\" style=\"font-size: 11pt; font-family: Calibri, sans-serif;\">2020-1-ES01-KA202-<wbr><\/wbr>082113<\/span><\/b><\/p>\t\t\t\t\t\t<\/div>\n\t\t\t\t<\/div>\n\t\t\t\t\t<\/div>\n\t\t<\/div>\n\t\t\t\t\t\t\t<\/div>\n\t\t<\/section>\n\t\t\t\t\t\t\t<\/div>\n\t\t","protected":false},"excerpt":{"rendered":"<p>Haberler &nbsp; Clive Haber B\u00fclteni No1 Clive Haber B\u00fclteni No2 Clive Haber B\u00fclteni No3 Clive Haber B\u00fclteni No4 Avrupa Komisyonu&#8217;nun bu ileti\u015fimin olu\u015fturulmas\u0131na verdi\u011fi destek, yaln\u0131zca yazarlar\u0131n g\u00f6r\u00fc\u015flerini yans\u0131tan i\u00e7eriklerin onayland\u0131\u011f\u0131 anlam\u0131na gelmez ve burada yer alan bilgilerin herhangi bir \u015fekilde kullan\u0131lmas\u0131ndan Komisyon sorumlu tutulamaz.2020-1-ES01-KA202-082113<\/p>\n","protected":false},"author":1,"featured_media":0,"parent":0,"menu_order":0,"comment_status":"closed","ping_status":"closed","template":"","meta":{"inline_featured_image":false},"acf":[],"_links":{"self":[{"href":"http:\/\/iestellez.ddns.net\/teachingcreativity\/wp-json\/wp\/v2\/pages\/5179"}],"collection":[{"href":"http:\/\/iestellez.ddns.net\/teachingcreativity\/wp-json\/wp\/v2\/pages"}],"about":[{"href":"http:\/\/iestellez.ddns.net\/teachingcreativity\/wp-json\/wp\/v2\/types\/page"}],"author":[{"embeddable":true,"href":"http:\/\/iestellez.ddns.net\/teachingcreativity\/wp-json\/wp\/v2\/users\/1"}],"replies":[{"embeddable":true,"href":"http:\/\/iestellez.ddns.net\/teachingcreativity\/wp-json\/wp\/v2\/comments?post=5179"}],"version-history":[{"count":31,"href":"http:\/\/iestellez.ddns.net\/teachingcreativity\/wp-json\/wp\/v2\/pages\/5179\/revisions"}],"predecessor-version":[{"id":13586,"href":"http:\/\/iestellez.ddns.net\/teachingcreativity\/wp-json\/wp\/v2\/pages\/5179\/revisions\/13586"}],"wp:attachment":[{"href":"http:\/\/iestellez.ddns.net\/teachingcreativity\/wp-json\/wp\/v2\/media?parent=5179"}],"curies":[{"name":"wp","href":"https:\/\/api.w.org\/{rel}","templated":true}]}}