{"id":4830,"date":"2021-10-20T04:01:48","date_gmt":"2021-10-20T01:01:48","guid":{"rendered":"http:\/\/localhost\/teachingcreativity\/contacto\/"},"modified":"2023-04-20T12:57:54","modified_gmt":"2023-04-20T09:57:54","slug":"contacto","status":"publish","type":"page","link":"http:\/\/iestellez.ddns.net\/teachingcreativity\/contacto\/?lang=es","title":{"rendered":"Contacto"},"content":{"rendered":"\t\t<div data-elementor-type=\"wp-post\" data-elementor-id=\"4830\" class=\"elementor elementor-4830 elementor-825\" data-elementor-post-type=\"page\">\n\t\t\t\t\t\t\t\t\t<section class=\"elementor-section elementor-top-section elementor-element elementor-element-fcc7c78 elementor-section-boxed elementor-section-height-default elementor-section-height-default\" data-id=\"fcc7c78\" data-element_type=\"section\">\n\t\t\t\t\t\t<div class=\"elementor-container elementor-column-gap-default\">\n\t\t\t\t\t<div class=\"elementor-column elementor-col-66 elementor-top-column elementor-element elementor-element-804f3fc\" data-id=\"804f3fc\" data-element_type=\"column\" data-settings=\"{&quot;background_background&quot;:&quot;classic&quot;}\">\n\t\t\t<div class=\"elementor-widget-wrap elementor-element-populated\">\n\t\t\t\t\t\t\t\t<div class=\"elementor-element elementor-element-cb32436 edubin-title-align-left elementor-widget elementor-widget-section-title-addons\" data-id=\"cb32436\" data-element_type=\"widget\" data-widget_type=\"section-title-addons.default\">\n\t\t\t\t<div class=\"elementor-widget-container\">\n\t\t\t            <div class=\"edubin-section-title edubin-subtitle-position-top title-style-four\">\n                <h2 class=\"section-title-txt\">Mantente en contacto<\/h2><div class=edubin-title-sperator-sec><span class=\"edubin-title-sperator\">&nbsp;<\/span><\/div><p class=\"section-subtitle-txt\">\u00a1Ponte en contacto con nosotros!\n \n<\/p>            <\/div>\n\n        \t\t<\/div>\n\t\t\t\t<\/div>\n\t\t\t\t<div class=\"elementor-element elementor-element-348e5b5 elementor-button-align-stretch elementor-widget elementor-widget-form\" data-id=\"348e5b5\" data-element_type=\"widget\" data-settings=\"{&quot;step_next_label&quot;:&quot;Next&quot;,&quot;step_previous_label&quot;:&quot;Previous&quot;,&quot;button_width&quot;:&quot;100&quot;,&quot;step_type&quot;:&quot;number_text&quot;,&quot;step_icon_shape&quot;:&quot;circle&quot;}\" data-widget_type=\"form.default\">\n\t\t\t\t<div class=\"elementor-widget-container\">\n\t\t\t\t\t<form class=\"elementor-form\" method=\"post\" name=\"New Form\">\n\t\t\t<input type=\"hidden\" name=\"post_id\" value=\"4830\"\/>\n\t\t\t<input type=\"hidden\" name=\"form_id\" value=\"348e5b5\"\/>\n\t\t\t<input type=\"hidden\" name=\"referer_title\" value=\"\" \/>\n\n\t\t\t\n\t\t\t<div class=\"elementor-form-fields-wrapper elementor-labels-above\">\n\t\t\t\t\t\t\t\t<div class=\"elementor-field-type-text elementor-field-group elementor-column elementor-field-group-name elementor-col-100\">\n\t\t\t\t\t\t\t\t\t\t\t\t<label for=\"form-field-name\" class=\"elementor-field-label\">\n\t\t\t\t\t\t\t\tNombre\t\t\t\t\t\t\t<\/label>\n\t\t\t\t\t\t\t\t\t\t\t\t\t\t<input size=\"1\" type=\"text\" name=\"form_fields[name]\" id=\"form-field-name\" class=\"elementor-field elementor-size-sm  elementor-field-textual\" placeholder=\"Nombre\">\n\t\t\t\t\t\t\t\t\t\t\t<\/div>\n\t\t\t\t\t\t\t\t<div class=\"elementor-field-type-email elementor-field-group elementor-column elementor-field-group-email elementor-col-100 elementor-field-required\">\n\t\t\t\t\t\t\t\t\t\t\t\t<label for=\"form-field-email\" class=\"elementor-field-label\">\n\t\t\t\t\t\t\t\tDirecci\u00f3n de correo electr\u00f3nico\t\t\t\t\t\t\t<\/label>\n\t\t\t\t\t\t\t\t\t\t\t\t\t\t<input size=\"1\" type=\"email\" name=\"form_fields[email]\" id=\"form-field-email\" class=\"elementor-field elementor-size-sm  elementor-field-textual\" placeholder=\"Direcci\u00f3n de correo electr\u00f3nico\" required=\"required\" aria-required=\"true\">\n\t\t\t\t\t\t\t\t\t\t\t<\/div>\n\t\t\t\t\t\t\t\t<div class=\"elementor-field-type-textarea elementor-field-group elementor-column elementor-field-group-message elementor-col-100\">\n\t\t\t\t\t\t\t\t\t\t\t\t<label for=\"form-field-message\" class=\"elementor-field-label\">\n\t\t\t\t\t\t\t\tMensaje\t\t\t\t\t\t\t<\/label>\n\t\t\t\t\t\t<textarea class=\"elementor-field-textual elementor-field  elementor-size-sm\" name=\"form_fields[message]\" id=\"form-field-message\" rows=\"4\" placeholder=\"Mensaje\"><\/textarea>\t\t\t\t<\/div>\n\t\t\t\t\t\t\t\t<div class=\"elementor-field-type-recaptcha elementor-field-group elementor-column elementor-field-group-field_4b83f38 elementor-col-100\">\n\t\t\t\t\t<div class=\"elementor-field\" id=\"form-field-field_4b83f38\"><div class=\"elementor-g-recaptcha\" data-sitekey=\"6Lc0ALsdAAAAALjTGL2-l6E5bcL13hkBAUJcHCMX\" data-type=\"v2_checkbox\" data-theme=\"light\" data-size=\"normal\"><\/div><\/div>\t\t\t\t<\/div>\n\t\t\t\t\t\t\t\t<div class=\"elementor-field-group elementor-column elementor-field-type-submit elementor-col-100 e-form__buttons\">\n\t\t\t\t\t<button type=\"submit\" class=\"elementor-button elementor-size-sm\">\n\t\t\t\t\t\t<span >\n\t\t\t\t\t\t\t\t\t\t\t\t\t\t\t<span class=\" elementor-button-icon\">\n\t\t\t\t\t\t\t\t\t\t\t\t\t\t\t\t\t\t\t\t\t\t\t\t\t\t<\/span>\n\t\t\t\t\t\t\t\t\t\t\t\t\t\t\t\t\t\t\t\t\t\t<span class=\"elementor-button-text\">Enviar<\/span>\n\t\t\t\t\t\t\t\t\t\t\t\t\t<\/span>\n\t\t\t\t\t<\/button>\n\t\t\t\t<\/div>\n\t\t\t<\/div>\n\t\t<\/form>\n\t\t\t\t<\/div>\n\t\t\t\t<\/div>\n\t\t\t\t\t<\/div>\n\t\t<\/div>\n\t\t\t\t<div class=\"elementor-column elementor-col-33 elementor-top-column elementor-element elementor-element-a3b076b\" data-id=\"a3b076b\" data-element_type=\"column\" data-settings=\"{&quot;background_background&quot;:&quot;classic&quot;}\">\n\t\t\t<div class=\"elementor-widget-wrap elementor-element-populated\">\n\t\t\t\t\t\t\t\t<section class=\"elementor-section elementor-inner-section elementor-element elementor-element-24e2026 elementor-section-content-middle elementor-section-boxed elementor-section-height-default elementor-section-height-default\" data-id=\"24e2026\" data-element_type=\"section\">\n\t\t\t\t\t\t<div class=\"elementor-container elementor-column-gap-default\">\n\t\t\t\t\t<div class=\"elementor-column elementor-col-100 elementor-inner-column elementor-element elementor-element-f2bd093\" data-id=\"f2bd093\" data-element_type=\"column\">\n\t\t\t<div class=\"elementor-widget-wrap elementor-element-populated\">\n\t\t\t\t\t\t\t\t<div class=\"elementor-element elementor-element-ce10d91 elementor-widget elementor-widget-heading\" data-id=\"ce10d91\" data-element_type=\"widget\" data-widget_type=\"heading.default\">\n\t\t\t\t<div class=\"elementor-widget-container\">\n\t\t\t<p class=\"elementor-heading-title elementor-size-default\">clive[a]iestellez.es<\/p>\t\t<\/div>\n\t\t\t\t<\/div>\n\t\t\t\t\t<\/div>\n\t\t<\/div>\n\t\t\t\t\t\t\t<\/div>\n\t\t<\/section>\n\t\t\t\t\t<\/div>\n\t\t<\/div>\n\t\t\t\t\t\t\t<\/div>\n\t\t<\/section>\n\t\t\t\t<section class=\"elementor-section elementor-top-section elementor-element elementor-element-b7707b6 elementor-section-boxed elementor-section-height-default elementor-section-height-default\" data-id=\"b7707b6\" data-element_type=\"section\" data-settings=\"{&quot;background_background&quot;:&quot;classic&quot;}\">\n\t\t\t\t\t\t<div class=\"elementor-container elementor-column-gap-default\">\n\t\t\t\t\t<div class=\"elementor-column elementor-col-100 elementor-top-column elementor-element elementor-element-71a84eb\" data-id=\"71a84eb\" data-element_type=\"column\">\n\t\t\t<div class=\"elementor-widget-wrap elementor-element-populated\">\n\t\t\t\t\t\t\t\t<div class=\"elementor-element elementor-element-809d5c7 elementor-widget__width-auto elementor-widget elementor-widget-image\" data-id=\"809d5c7\" data-element_type=\"widget\" data-widget_type=\"image.default\">\n\t\t\t\t<div class=\"elementor-widget-container\">\n\t\t\t\t\t\t\t\t\t\t\t\t\t\t\t<img decoding=\"async\" width=\"525\" height=\"113\" src=\"http:\/\/iestellez.ddns.net\/teachingcreativity\/wp-content\/uploads\/2021\/06\/LogosBeneficairesErasmustransp_FN.jpg\" class=\"attachment-large size-large wp-image-4781\" alt=\"\" loading=\"lazy\" srcset=\"http:\/\/iestellez.ddns.net\/teachingcreativity\/wp-content\/uploads\/2021\/06\/LogosBeneficairesErasmustransp_FN.jpg 784w, http:\/\/iestellez.ddns.net\/teachingcreativity\/wp-content\/uploads\/2021\/06\/LogosBeneficairesErasmustransp_FN-300x64.jpg 300w, http:\/\/iestellez.ddns.net\/teachingcreativity\/wp-content\/uploads\/2021\/06\/LogosBeneficairesErasmustransp_FN-768x165.jpg 768w, http:\/\/iestellez.ddns.net\/teachingcreativity\/wp-content\/uploads\/2021\/06\/LogosBeneficairesErasmustransp_FN-600x129.jpg 600w\" sizes=\"(max-width: 525px) 100vw, 525px\" \/>\t\t\t\t\t\t\t\t\t\t\t\t\t\t\t<\/div>\n\t\t\t\t<\/div>\n\t\t\t\t<div class=\"elementor-element elementor-element-7feb4e6 elementor-widget__width-initial elementor-widget elementor-widget-text-editor\" data-id=\"7feb4e6\" data-element_type=\"widget\" data-widget_type=\"text-editor.default\">\n\t\t\t\t<div class=\"elementor-widget-container\">\n\t\t\t\t\t\t\t<p>El apoyo de la Comisi\u00f3n Europea a la elaboraci\u00f3n de esta comunicaci\u00f3n no constituye una aprobaci\u00f3n de su contenido <br \/>que refleja \u00fanicamente la opini\u00f3n de los autores, y la Comisi\u00f3n no se hace responsable del uso que pueda hacerse <br \/>de la informaci\u00f3n que contiene<br \/><b style=\"color: #222222; font-family: Tahoma, Arial; font-size: 13px;\"><span lang=\"EN-GB\" style=\"font-size: 11pt; font-family: Calibri, sans-serif;\">2020-1-ES01-KA202-<wbr><\/wbr>082113<\/span><\/b><\/p>\n\t\t\t\t\t\t<\/div>\n\t\t\t\t<\/div>\n\t\t\t\t\t<\/div>\n\t\t<\/div>\n\t\t\t\t\t\t\t<\/div>\n\t\t<\/section>\n\t\t\t\t\t\t\t<\/div>\n\t\t","protected":false},"excerpt":{"rendered":"<p>Mantente en contacto &nbsp; \u00a1Ponte en contacto con nosotros! clive[a]iestellez.es El apoyo de la Comisi\u00f3n Europea a la elaboraci\u00f3n de esta comunicaci\u00f3n no constituye una aprobaci\u00f3n de su contenido que refleja \u00fanicamente la opini\u00f3n de los autores, y la Comisi\u00f3n no se hace responsable del [&hellip;]<\/p>\n","protected":false},"author":1,"featured_media":0,"parent":0,"menu_order":0,"comment_status":"closed","ping_status":"closed","template":"elementor_header_footer","meta":{"inline_featured_image":false},"acf":[],"_links":{"self":[{"href":"http:\/\/iestellez.ddns.net\/teachingcreativity\/wp-json\/wp\/v2\/pages\/4830"}],"collection":[{"href":"http:\/\/iestellez.ddns.net\/teachingcreativity\/wp-json\/wp\/v2\/pages"}],"about":[{"href":"http:\/\/iestellez.ddns.net\/teachingcreativity\/wp-json\/wp\/v2\/types\/page"}],"author":[{"embeddable":true,"href":"http:\/\/iestellez.ddns.net\/teachingcreativity\/wp-json\/wp\/v2\/users\/1"}],"replies":[{"embeddable":true,"href":"http:\/\/iestellez.ddns.net\/teachingcreativity\/wp-json\/wp\/v2\/comments?post=4830"}],"version-history":[{"count":19,"href":"http:\/\/iestellez.ddns.net\/teachingcreativity\/wp-json\/wp\/v2\/pages\/4830\/revisions"}],"predecessor-version":[{"id":14045,"href":"http:\/\/iestellez.ddns.net\/teachingcreativity\/wp-json\/wp\/v2\/pages\/4830\/revisions\/14045"}],"wp:attachment":[{"href":"http:\/\/iestellez.ddns.net\/teachingcreativity\/wp-json\/wp\/v2\/media?parent=4830"}],"curies":[{"name":"wp","href":"https:\/\/api.w.org\/{rel}","templated":true}]}}