{"id":4820,"date":"2021-10-20T03:54:41","date_gmt":"2021-10-20T00:54:41","guid":{"rendered":"http:\/\/localhost\/teachingcreativity\/resultados-del-projectos\/"},"modified":"2023-02-28T19:59:44","modified_gmt":"2023-02-28T16:59:44","slug":"resultados-del-projecto","status":"publish","type":"page","link":"http:\/\/iestellez.ddns.net\/teachingcreativity\/resultados-del-projecto\/?lang=es","title":{"rendered":"Resultados del Proyecto"},"content":{"rendered":"\t\t<div data-elementor-type=\"wp-post\" data-elementor-id=\"4820\" class=\"elementor elementor-4820 elementor-2917\" data-elementor-post-type=\"page\">\n\t\t\t\t\t\t\t\t\t<section class=\"elementor-section elementor-top-section elementor-element elementor-element-9936a38 elementor-section-boxed elementor-section-height-default elementor-section-height-default\" data-id=\"9936a38\" data-element_type=\"section\" data-settings=\"{&quot;background_background&quot;:&quot;classic&quot;}\">\n\t\t\t\t\t\t<div class=\"elementor-container elementor-column-gap-default\">\n\t\t\t\t\t<div class=\"elementor-column elementor-col-100 elementor-top-column elementor-element elementor-element-ed67c82\" data-id=\"ed67c82\" data-element_type=\"column\" data-settings=\"{&quot;background_background&quot;:&quot;classic&quot;}\">\n\t\t\t<div class=\"elementor-widget-wrap elementor-element-populated\">\n\t\t\t\t\t\t\t\t<div class=\"elementor-element elementor-element-801adad edubin-title-align-left elementor-widget elementor-widget-section-title-addons\" data-id=\"801adad\" data-element_type=\"widget\" data-widget_type=\"section-title-addons.default\">\n\t\t\t\t<div class=\"elementor-widget-container\">\n\t\t\t            <div class=\"edubin-section-title edubin-subtitle-position- title-style-four\">\n                <h2 class=\"section-title-txt\">Resultados del Proyecto<\/h2><div class=edubin-title-sperator-sec><span class=\"edubin-title-sperator\">&nbsp;<\/span><\/div>            <\/div>\n\n        \t\t<\/div>\n\t\t\t\t<\/div>\n\t\t\t\t<div class=\"elementor-element elementor-element-af80783 elementor-widget elementor-widget-accordion\" data-id=\"af80783\" data-element_type=\"widget\" data-widget_type=\"accordion.default\">\n\t\t\t\t<div class=\"elementor-widget-container\">\n\t\t\t\t\t<div class=\"elementor-accordion\">\n\t\t\t\t\t\t\t<div class=\"elementor-accordion-item\">\n\t\t\t\t\t<div id=\"elementor-tab-title-1841\" class=\"elementor-tab-title\" data-tab=\"1\" role=\"button\" aria-controls=\"elementor-tab-content-1841\" aria-expanded=\"false\">\n\t\t\t\t\t\t\t\t\t\t\t\t\t<span class=\"elementor-accordion-icon elementor-accordion-icon-left\" aria-hidden=\"true\">\n\t\t\t\t\t\t\t\t\t\t\t\t\t\t\t<span class=\"elementor-accordion-icon-closed\"><i class=\"fas fa-plus\"><\/i><\/span>\n\t\t\t\t\t\t\t\t<span class=\"elementor-accordion-icon-opened\"><i class=\"fas fa-minus\"><\/i><\/span>\n\t\t\t\t\t\t\t\t\t\t\t\t\t\t<\/span>\n\t\t\t\t\t\t\t\t\t\t\t\t<a class=\"elementor-accordion-title\" tabindex=\"0\">INFORME CLIVE<\/a>\n\t\t\t\t\t<\/div>\n\t\t\t\t\t<div id=\"elementor-tab-content-1841\" class=\"elementor-tab-content elementor-clearfix\" data-tab=\"1\" role=\"region\" aria-labelledby=\"elementor-tab-title-1841\"><p>Informe de la encuesta CLIVE: identificaci\u00f3n de las competencias, conocimientos y habilidades de docentes de FP y sus necesidades de aprendizaje relacionadas con t\u00e9cnicas de creatividad y herramientas innovadoras. Proporciona el marco para el posterior desarrollo del enfoque y el contenido de la formaci\u00f3n CLIVE. Los resultados se basan en una encuesta de investigaci\u00f3n preliminar que ha contado con la participaci\u00f3n de 102 profesores\/as de FP de toda Europa.<\/p><p data-pm-slice=\"1 1 []\"><em>Puedes acceder a los Resultados de la Encuesta (solo disponible en ingl\u00e9s) <\/em><a href=\"\/wp-content\/uploads\/2023\/01\/CLIVE-O2-Survey-Report_FINAL.docx\" target=\"_blank\" rel=\"noopener\">aqu\u00ed<\/a>.<\/p><\/div>\n\t\t\t\t<\/div>\n\t\t\t\t\t\t\t<div class=\"elementor-accordion-item\">\n\t\t\t\t\t<div id=\"elementor-tab-title-1842\" class=\"elementor-tab-title\" data-tab=\"2\" role=\"button\" aria-controls=\"elementor-tab-content-1842\" aria-expanded=\"false\">\n\t\t\t\t\t\t\t\t\t\t\t\t\t<span class=\"elementor-accordion-icon elementor-accordion-icon-left\" aria-hidden=\"true\">\n\t\t\t\t\t\t\t\t\t\t\t\t\t\t\t<span class=\"elementor-accordion-icon-closed\"><i class=\"fas fa-plus\"><\/i><\/span>\n\t\t\t\t\t\t\t\t<span class=\"elementor-accordion-icon-opened\"><i class=\"fas fa-minus\"><\/i><\/span>\n\t\t\t\t\t\t\t\t\t\t\t\t\t\t<\/span>\n\t\t\t\t\t\t\t\t\t\t\t\t<a class=\"elementor-accordion-title\" tabindex=\"0\">FORMACI\u00d3N CLIVE<\/a>\n\t\t\t\t\t<\/div>\n\t\t\t\t\t<div id=\"elementor-tab-content-1842\" class=\"elementor-tab-content elementor-clearfix\" data-tab=\"2\" role=\"region\" aria-labelledby=\"elementor-tab-title-1842\"><p>La formaci\u00f3n CLIVE se compone eminentemente de 3 elementos:<\/p>\n<p>a. &#8220;Introducci\u00f3n a la Creatividad&#8221;, que explica los conceptos b\u00e1sicos de la creatividad, y se dirige a quienes est\u00e1n interesados\/as en acceder a un contexto m\u00e1s amplio o necesitan mayor informaci\u00f3n sobre esta habilidad.<\/p>\n<p>\t\t<div data-elementor-type=\"section\" data-elementor-id=\"12996\" class=\"elementor elementor-12996\" data-elementor-post-type=\"elementor_library\">\n\t\t\t\t\t\t\t\t<section class=\"elementor-section elementor-top-section elementor-element elementor-element-8d9b044 elementor-section-boxed elementor-section-height-default elementor-section-height-default\" data-id=\"8d9b044\" data-element_type=\"section\">\n\t\t\t\t\t\t<div class=\"elementor-container elementor-column-gap-default\">\n\t\t\t\t\t<div class=\"elementor-column elementor-col-100 elementor-top-column elementor-element elementor-element-a348d68\" data-id=\"a348d68\" data-element_type=\"column\">\n\t\t\t<div class=\"elementor-widget-wrap elementor-element-populated\">\n\t\t\t\t\t\t\t\t<div class=\"elementor-element elementor-element-b877b0b elementor-align-left elementor-tablet-align-left elementor-mobile-align-center elementor-widget elementor-widget-button\" data-id=\"b877b0b\" data-element_type=\"widget\" data-widget_type=\"button.default\">\n\t\t\t\t<div class=\"elementor-widget-container\">\n\t\t\t\t\t<div class=\"elementor-button-wrapper\">\n\t\t\t<a class=\"elementor-button elementor-button-link elementor-size-sm\" href=\"\/wp-content\/uploads\/2022\/09\/CLIVE-Intro-to-Creativity_Final2.pptx\" target=\"_blank\">\n\t\t\t\t\t\t<span class=\"elementor-button-content-wrapper\">\n\t\t\t\t\t\t<span class=\"elementor-button-text\">Find here what we consider Creativity<\/span>\n\t\t<\/span>\n\t\t\t\t\t<\/a>\n\t\t<\/div>\n\t\t\t\t<\/div>\n\t\t\t\t<\/div>\n\t\t\t\t\t<\/div>\n\t\t<\/div>\n\t\t\t\t\t\t\t<\/div>\n\t\t<\/section>\n\t\t\t\t\t\t<\/div>\n\t\t<\/p>\n<p>b. Las 35 t\u00e9cnicas de creatividad diferentes ya disponibles en este web pretenden cubrir cualquier tipo de necesidad educativa en el aula (y fuera del aula): t\u00e9cnicas de ideaci\u00f3n, storytelling, din\u00e1micas de grupo o trabajo en grupo, entre otras. Cada t\u00e9cnica se clasifica seg\u00fan un conjunto de criterios espec\u00edficos, por ejemplo, tipo de t\u00e9cnica y su prop\u00f3sito; asignatura, grupo de edad del estudiante; tipo de sesi\u00f3n, etc.<\/p>\n<p>Accede a las t\u00e9cnicas de creatividad <a href=\"http:\/\/localhost\/teachingcreativity\/tecnicas-de-creatividad\/?lang=es\">aqui<\/a><\/p>\n<p>c. Testimonios de otros\/as profesores\/as de FP y ejemplos pr\u00e1cticos para ilustrar el uso de las t\u00e9cnicas en el aula en un contexto real.<\/p>\n<p>\t\t<div data-elementor-type=\"section\" data-elementor-id=\"13000\" class=\"elementor elementor-13000\" data-elementor-post-type=\"elementor_library\">\n\t\t\t\t\t\t\t\t<section class=\"elementor-section elementor-top-section elementor-element elementor-element-62dee41 elementor-section-boxed elementor-section-height-default elementor-section-height-default\" data-id=\"62dee41\" data-element_type=\"section\">\n\t\t\t\t\t\t<div class=\"elementor-container elementor-column-gap-default\">\n\t\t\t\t\t<div class=\"elementor-column elementor-col-100 elementor-top-column elementor-element elementor-element-fb1c13b\" data-id=\"fb1c13b\" data-element_type=\"column\">\n\t\t\t<div class=\"elementor-widget-wrap elementor-element-populated\">\n\t\t\t\t\t\t\t\t<div class=\"elementor-element elementor-element-00f3f7f elementor-align-left elementor-tablet-align-left elementor-mobile-align-center elementor-widget elementor-widget-button\" data-id=\"00f3f7f\" data-element_type=\"widget\" data-widget_type=\"button.default\">\n\t\t\t\t<div class=\"elementor-widget-container\">\n\t\t\t\t\t<div class=\"elementor-button-wrapper\">\n\t\t\t<a class=\"elementor-button elementor-button-link elementor-size-sm\" href=\"\/technique-testimonials\/\" target=\"_blank\">\n\t\t\t\t\t\t<span class=\"elementor-button-content-wrapper\">\n\t\t\t\t\t\t<span class=\"elementor-button-text\">Access all our testimonials here<\/span>\n\t\t<\/span>\n\t\t\t\t\t<\/a>\n\t\t<\/div>\n\t\t\t\t<\/div>\n\t\t\t\t<\/div>\n\t\t\t\t\t<\/div>\n\t\t<\/div>\n\t\t\t\t\t\t\t<\/div>\n\t\t<\/section>\n\t\t\t\t\t\t<\/div>\n\t\t<\/p>\n<\/div>\n\t\t\t\t<\/div>\n\t\t\t\t\t\t\t<div class=\"elementor-accordion-item\">\n\t\t\t\t\t<div id=\"elementor-tab-title-1843\" class=\"elementor-tab-title\" data-tab=\"3\" role=\"button\" aria-controls=\"elementor-tab-content-1843\" aria-expanded=\"false\">\n\t\t\t\t\t\t\t\t\t\t\t\t\t<span class=\"elementor-accordion-icon elementor-accordion-icon-left\" aria-hidden=\"true\">\n\t\t\t\t\t\t\t\t\t\t\t\t\t\t\t<span class=\"elementor-accordion-icon-closed\"><i class=\"fas fa-plus\"><\/i><\/span>\n\t\t\t\t\t\t\t\t<span class=\"elementor-accordion-icon-opened\"><i class=\"fas fa-minus\"><\/i><\/span>\n\t\t\t\t\t\t\t\t\t\t\t\t\t\t<\/span>\n\t\t\t\t\t\t\t\t\t\t\t\t<a class=\"elementor-accordion-title\" tabindex=\"0\">REPOSITORIO EDUCATIVO ABIERTO CLIVE<\/a>\n\t\t\t\t\t<\/div>\n\t\t\t\t\t<div id=\"elementor-tab-content-1843\" class=\"elementor-tab-content elementor-clearfix\" data-tab=\"3\" role=\"region\" aria-labelledby=\"elementor-tab-title-1843\"><p>La formaci\u00f3n CLIVE es accesiblea trav\u00e9s de nuestro Repositorio Educativo Abierto, que adem\u00e1s de dar acceso a los 3 componentes de la formaci\u00f3n CLIVE tambi\u00e9n ofrece:<\/p>\n<p>a. Un conjunto de recursos adicionales para que los\/as docentes trabajen con sus estudiantes, combinando una amplia variedad de recursos, tanto en ingl\u00e9s como recursos espec\u00edficos de cada pa\u00eds en los idiomas locales. Los\/as profesores\/as pueden buscar entre los recursos disponibles para encontrar aquellos que mejor se adapten a sus necesidades utilizando para ello filtros con diferentes criterios, como su relaci\u00f3n con las t\u00e9cnicas de creatividad, el tipo de recursos, etc. Primero se muestran los recursos en ingl\u00e9s y a continuaci\u00f3n en los idiomas locales.<\/p>\n<p>Acccede a los recursos <a href=\"http:\/\/localhost\/teachingcreativity\/recursos\/?lang=es\">aqu\u00ed<\/a><\/p>\n<p>b. 8 t\u00e9cnicas de evaluaci\u00f3n para evaluar las habilidades y conocimientos de los estudiantes.<\/p>\n<p>Accede a las t\u00e9cnicas de evaluaci\u00f3n <a href=\"http:\/\/localhost\/teachingcreativity\/assessment-techniques\/?lang=es\">aqui<\/a><\/p>\n<\/div>\n\t\t\t\t<\/div>\n\t\t\t\t\t\t\t<div class=\"elementor-accordion-item\">\n\t\t\t\t\t<div id=\"elementor-tab-title-1844\" class=\"elementor-tab-title\" data-tab=\"4\" role=\"button\" aria-controls=\"elementor-tab-content-1844\" aria-expanded=\"false\">\n\t\t\t\t\t\t\t\t\t\t\t\t\t<span class=\"elementor-accordion-icon elementor-accordion-icon-left\" aria-hidden=\"true\">\n\t\t\t\t\t\t\t\t\t\t\t\t\t\t\t<span class=\"elementor-accordion-icon-closed\"><i class=\"fas fa-plus\"><\/i><\/span>\n\t\t\t\t\t\t\t\t<span class=\"elementor-accordion-icon-opened\"><i class=\"fas fa-minus\"><\/i><\/span>\n\t\t\t\t\t\t\t\t\t\t\t\t\t\t<\/span>\n\t\t\t\t\t\t\t\t\t\t\t\t<a class=\"elementor-accordion-title\" tabindex=\"0\">Kit de herramientas del ecosistema CLIVE<\/a>\n\t\t\t\t\t<\/div>\n\t\t\t\t\t<div id=\"elementor-tab-content-1844\" class=\"elementor-tab-content elementor-clearfix\" data-tab=\"4\" role=\"region\" aria-labelledby=\"elementor-tab-title-1844\"><p>El kit de herramientas del ecosistema es un conjunto de manuales, directrices, res\u00famenes de pol\u00edticas, hojas de ruta, etc. para los diferentes grupos de destinatarios y partes interesadas del ecosistema de FP en los pa\u00edses participantes y en Europa. Los manuales incluyen referencias a los resultados y logros del proyecto CLIVE y proporcionan un conjunto concreto de pasos y directrices sobre c\u00f3mo introducirlos efectivamente en la pr\u00e1ctica para cada uno de los grupos destinatarios. Los cinco manuales que estar\u00e1n disponibles al final del periodo del proyecto son:<\/p><ul><li><a href=\"http:\/\/localhost\/teachingcreativity\/wp-content\/uploads\/2023\/02\/CLIVE-IO4-Handbook-Institution_ES_FINAL.pdf\" target=\"_blank\" rel=\"noopener\">Manual para instituciones y centros de FP;<\/a><\/li><li><a href=\"http:\/\/localhost\/teachingcreativity\/wp-content\/uploads\/2023\/02\/Directrices-para-los-organismos-que-forman-a-los-profesores-de-FP-1.pdf\" target=\"_blank\" rel=\"noopener\">Directrices para los organismos que forman a los profesores de FP;<\/a><\/li><li><a href=\"http:\/\/localhost\/teachingcreativity\/wp-content\/uploads\/2023\/02\/Informe-de-politicas-para-las-autoridades-educativas-1.pdf\" target=\"_blank\" rel=\"noopener\">Informe de pol\u00edticas para las autoridades educativas<\/a><\/li><li><a href=\"http:\/\/localhost\/teachingcreativity\/wp-content\/uploads\/2023\/02\/CLIVE-IO4-Roadmap_ES_FINAL.docx.pdf\" target=\"_blank\" rel=\"noopener\">Hoja de ruta para la cualificaci\u00f3n y el reconocimiento nacional y europeo<\/a><\/li><\/ul><\/div>\n\t\t\t\t<\/div>\n\t\t\t\t\t\t\t\t<\/div>\n\t\t\t\t<\/div>\n\t\t\t\t<\/div>\n\t\t\t\t<div class=\"elementor-element elementor-element-d38c409 elementor-hidden-desktop elementor-hidden-tablet elementor-hidden-mobile elementor-widget elementor-widget-accordion\" data-id=\"d38c409\" data-element_type=\"widget\" data-widget_type=\"accordion.default\">\n\t\t\t\t<div class=\"elementor-widget-container\">\n\t\t\t\t\t<div class=\"elementor-accordion\">\n\t\t\t\t\t\t\t<div class=\"elementor-accordion-item\">\n\t\t\t\t\t<div id=\"elementor-tab-title-2211\" class=\"elementor-tab-title\" data-tab=\"1\" role=\"button\" aria-controls=\"elementor-tab-content-2211\" aria-expanded=\"false\">\n\t\t\t\t\t\t\t\t\t\t\t\t\t<span class=\"elementor-accordion-icon elementor-accordion-icon-left\" aria-hidden=\"true\">\n\t\t\t\t\t\t\t\t\t\t\t\t\t\t\t<span class=\"elementor-accordion-icon-closed\"><i class=\"fas fa-plus\"><\/i><\/span>\n\t\t\t\t\t\t\t\t<span class=\"elementor-accordion-icon-opened\"><i class=\"fas fa-minus\"><\/i><\/span>\n\t\t\t\t\t\t\t\t\t\t\t\t\t\t<\/span>\n\t\t\t\t\t\t\t\t\t\t\t\t<a class=\"elementor-accordion-title\" tabindex=\"0\">IO1 - Curr\u00edculo CLIVE<\/a>\n\t\t\t\t\t<\/div>\n\t\t\t\t\t<div id=\"elementor-tab-content-2211\" class=\"elementor-tab-content elementor-clearfix\" data-tab=\"1\" role=\"region\" aria-labelledby=\"elementor-tab-title-2211\"><p>El resultado del curr\u00edculo CLIVE es la definici\u00f3n de las competencias, los conocimientos y las habilidades identificadas como necesarias para los docentes, junto con las necesidades de aprendizaje relacionadas con las t\u00e9cnicas de creatividad y las herramientas innovadoras. Este informe proporciona el marco para el desarrollo del contenido formativo real y el m\u00e9todo de evaluaci\u00f3n de la formaci\u00f3n CLIVE. Las conclusiones del curr\u00edculo se basan en una encuesta preliminar que ha contado con la participaci\u00f3n de 102 profesores de FP de toda Europa. Las competencias y habilidades definidas e identificadas, se utilizan como punto de partida para la identificaci\u00f3n de las necesidades espec\u00edficas de aprendizaje, a trav\u00e9s de actividades de interacci\u00f3n directa con el grupo objetivo y las principales partes interesadas.<\/p>\n<p>Puede descargar el informe <a href=\"\/wp-content\/uploads\/2022\/01\/CLIVE-Survey-Report_FINAL.pdf\" target=\"_blank\" rel=\"noopener\">aqu\u00ed<\/a><\/p>\n<\/div>\n\t\t\t\t<\/div>\n\t\t\t\t\t\t\t<div class=\"elementor-accordion-item\">\n\t\t\t\t\t<div id=\"elementor-tab-title-2212\" class=\"elementor-tab-title\" data-tab=\"2\" role=\"button\" aria-controls=\"elementor-tab-content-2212\" aria-expanded=\"false\">\n\t\t\t\t\t\t\t\t\t\t\t\t\t<span class=\"elementor-accordion-icon elementor-accordion-icon-left\" aria-hidden=\"true\">\n\t\t\t\t\t\t\t\t\t\t\t\t\t\t\t<span class=\"elementor-accordion-icon-closed\"><i class=\"fas fa-plus\"><\/i><\/span>\n\t\t\t\t\t\t\t\t<span class=\"elementor-accordion-icon-opened\"><i class=\"fas fa-minus\"><\/i><\/span>\n\t\t\t\t\t\t\t\t\t\t\t\t\t\t<\/span>\n\t\t\t\t\t\t\t\t\t\t\t\t<a class=\"elementor-accordion-title\" tabindex=\"0\">IO2 - Programa de Formaci\u00f3n CLIVE<\/a>\n\t\t\t\t\t<\/div>\n\t\t\t\t\t<div id=\"elementor-tab-content-2212\" class=\"elementor-tab-content elementor-clearfix\" data-tab=\"2\" role=\"region\" aria-labelledby=\"elementor-tab-title-2212\"><p>Sobre la base del curr\u00edculo CLIVE, se han creado los contenidos y materiales formativos espec\u00edficos que constituyen el programa de formaci\u00f3n CLIVE para profesores de FP. La formaci\u00f3n CLIVE se compone de un conjunto de t\u00e9cnicas de creatividad que se han considerado relevantes seg\u00fan las necesidades de formaci\u00f3n de los profesionales de FP en Europa en el \u00e1mbito de la creatividad y la innovaci\u00f3n. Las 35 t\u00e9cnicas diferentes que se presentan en la p\u00e1gina web actual pretenden cubrir cualquier tipo de necesidad formativa en el aula (y fuera de ella): t\u00e9cnicas de ideaci\u00f3n, storytelling, din\u00e1micas de grupo y trabajo en equipo, entre otras. Adem\u00e1s, la informaci\u00f3n de cada t\u00e9cnica se clasifica en funci\u00f3n de criterios como el tipo de t\u00e9cnica y su finalidad; la selecci\u00f3n de la t\u00e9cnica adecuada (para la asignatura, el grupo de edad de los alumnos, etc.); la integraci\u00f3n de las t\u00e9cnicas de creatividad e innovaci\u00f3n en la asignatura; la aplicaci\u00f3n de la t\u00e9cnica y la forma de evaluar las habilidades y los conocimientos de los alumnos; los testimonios de otros profesores de FP y ejemplos para ilustrar el uso de las t\u00e9cnicas.<\/p>\n<\/div>\n\t\t\t\t<\/div>\n\t\t\t\t\t\t\t<div class=\"elementor-accordion-item\">\n\t\t\t\t\t<div id=\"elementor-tab-title-2213\" class=\"elementor-tab-title\" data-tab=\"3\" role=\"button\" aria-controls=\"elementor-tab-content-2213\" aria-expanded=\"false\">\n\t\t\t\t\t\t\t\t\t\t\t\t\t<span class=\"elementor-accordion-icon elementor-accordion-icon-left\" aria-hidden=\"true\">\n\t\t\t\t\t\t\t\t\t\t\t\t\t\t\t<span class=\"elementor-accordion-icon-closed\"><i class=\"fas fa-plus\"><\/i><\/span>\n\t\t\t\t\t\t\t\t<span class=\"elementor-accordion-icon-opened\"><i class=\"fas fa-minus\"><\/i><\/span>\n\t\t\t\t\t\t\t\t\t\t\t\t\t\t<\/span>\n\t\t\t\t\t\t\t\t\t\t\t\t<a class=\"elementor-accordion-title\" tabindex=\"0\">IO3 - Plataforma Online CLIVE<\/a>\n\t\t\t\t\t<\/div>\n\t\t\t\t\t<div id=\"elementor-tab-content-2213\" class=\"elementor-tab-content elementor-clearfix\" data-tab=\"3\" role=\"region\" aria-labelledby=\"elementor-tab-title-2213\"><p>El Curr\u00edculo y las T\u00e9cnicas de Creatividad se utilizan para la formulaci\u00f3n de la PLataforma Online CLIVE, un espacio virtual de aprendizaje e intercambio de conocimientos, que es una recopilaci\u00f3n de materiales, como recursos digitales, ejercicios, hojas de trabajo, descripci\u00f3n de actividades de aprendizaje, testimonios, etc. La herramienta, como podr\u00e1s comprobar, promueve el intercambio de conocimientos y la colaboraci\u00f3n continua, fomenta la comunicaci\u00f3n y favorece la fertilizaci\u00f3n cruzada de ideas para celebrar el aprendizaje entre los participantes del proyecto y tambi\u00e9n entre las diferentes regiones europeas. La plataforma dise\u00f1ada ayudar\u00e1 a establecer relaciones m\u00e1s estrechas y a compartir informaci\u00f3n, mientras que las partes interesadas de los pa\u00edses socios y de toda Europa utilizar\u00e1n la herramienta para promover &#8220;comunidades de aprendizaje y pr\u00e1ctica&#8221; entre sus comunidades locales\/nacionales.<\/p>\n<p>Un software de aprendizaje moderno debe fomentar el aprendizaje colaborativo, es decir, la capacidad de seguir y compartir las actualizaciones de los compa\u00f1eros, unirse a comunidades, debatir proyectos y aprendizaje, y compartir apreciaciones y conocimientos entre varios equipos. A medida que las expectativas de los empleados y las habilidades requeridas cambian, es importante capturar el aprendizaje informal e impulsar una mayor adopci\u00f3n de un sistema de aprendizaje com\u00fan con capacidades modernas.<\/p>\n<\/div>\n\t\t\t\t<\/div>\n\t\t\t\t\t\t\t<div class=\"elementor-accordion-item\">\n\t\t\t\t\t<div id=\"elementor-tab-title-2214\" class=\"elementor-tab-title\" data-tab=\"4\" role=\"button\" aria-controls=\"elementor-tab-content-2214\" aria-expanded=\"false\">\n\t\t\t\t\t\t\t\t\t\t\t\t\t<span class=\"elementor-accordion-icon elementor-accordion-icon-left\" aria-hidden=\"true\">\n\t\t\t\t\t\t\t\t\t\t\t\t\t\t\t<span class=\"elementor-accordion-icon-closed\"><i class=\"fas fa-plus\"><\/i><\/span>\n\t\t\t\t\t\t\t\t<span class=\"elementor-accordion-icon-opened\"><i class=\"fas fa-minus\"><\/i><\/span>\n\t\t\t\t\t\t\t\t\t\t\t\t\t\t<\/span>\n\t\t\t\t\t\t\t\t\t\t\t\t<a class=\"elementor-accordion-title\" tabindex=\"0\">IO4 - Kit de herramientas del ecosistema CLIVE<\/a>\n\t\t\t\t\t<\/div>\n\t\t\t\t\t<div id=\"elementor-tab-content-2214\" class=\"elementor-tab-content elementor-clearfix\" data-tab=\"4\" role=\"region\" aria-labelledby=\"elementor-tab-title-2214\"><p>El kit de herramientas del ecosistema es un conjunto de manuales, directrices, res\u00famenes de pol\u00edticas, hojas de ruta, etc. para los diferentes grupos de destinatarios y partes interesadas del ecosistema de FP en los pa\u00edses participantes y en Europa. Los manuales incluyen referencias a los resultados y logros del proyecto CLIVE y proporcionan un conjunto concreto de pasos y directrices sobre c\u00f3mo introducirlos efectivamente en la pr\u00e1ctica para cada uno de los grupos destinatarios. Los cinco manuales que estar\u00e1n disponibles al final del periodo del proyecto son:<\/p>\n<ul>\n<li>Manual para instituciones y centros de FP;<\/li>\n<li>Directrices para los organismos que forman a los profesores de FP;<\/li>\n<li>Informe de pol\u00edticas para las autoridades educativas<\/li>\n<li>Hoja de ruta para la cualificaci\u00f3n y el reconocimiento nacional y europeo<\/li>\n<li>Manual de networking<\/li>\n<\/ul>\n<\/div>\n\t\t\t\t<\/div>\n\t\t\t\t\t\t\t\t<\/div>\n\t\t\t\t<\/div>\n\t\t\t\t<\/div>\n\t\t\t\t\t<\/div>\n\t\t<\/div>\n\t\t\t\t\t\t\t<\/div>\n\t\t<\/section>\n\t\t\t\t<section class=\"elementor-section elementor-top-section elementor-element elementor-element-0fab4aa elementor-section-boxed elementor-section-height-default elementor-section-height-default\" data-id=\"0fab4aa\" data-element_type=\"section\" data-settings=\"{&quot;background_background&quot;:&quot;classic&quot;}\">\n\t\t\t\t\t\t<div class=\"elementor-container elementor-column-gap-default\">\n\t\t\t\t\t<div class=\"elementor-column elementor-col-100 elementor-top-column elementor-element elementor-element-b84c886\" data-id=\"b84c886\" data-element_type=\"column\">\n\t\t\t<div class=\"elementor-widget-wrap elementor-element-populated\">\n\t\t\t\t\t\t\t\t<div class=\"elementor-element elementor-element-9d3199c elementor-widget__width-auto elementor-widget elementor-widget-image\" data-id=\"9d3199c\" data-element_type=\"widget\" data-widget_type=\"image.default\">\n\t\t\t\t<div class=\"elementor-widget-container\">\n\t\t\t\t\t\t\t\t\t\t\t\t\t\t\t<img decoding=\"async\" width=\"525\" height=\"113\" src=\"http:\/\/iestellez.ddns.net\/teachingcreativity\/wp-content\/uploads\/2021\/06\/LogosBeneficairesErasmustransp_FN.jpg\" class=\"attachment-large size-large wp-image-4781\" alt=\"\" loading=\"lazy\" srcset=\"http:\/\/iestellez.ddns.net\/teachingcreativity\/wp-content\/uploads\/2021\/06\/LogosBeneficairesErasmustransp_FN.jpg 784w, http:\/\/iestellez.ddns.net\/teachingcreativity\/wp-content\/uploads\/2021\/06\/LogosBeneficairesErasmustransp_FN-300x64.jpg 300w, http:\/\/iestellez.ddns.net\/teachingcreativity\/wp-content\/uploads\/2021\/06\/LogosBeneficairesErasmustransp_FN-768x165.jpg 768w, http:\/\/iestellez.ddns.net\/teachingcreativity\/wp-content\/uploads\/2021\/06\/LogosBeneficairesErasmustransp_FN-600x129.jpg 600w\" sizes=\"(max-width: 525px) 100vw, 525px\" \/>\t\t\t\t\t\t\t\t\t\t\t\t\t\t\t<\/div>\n\t\t\t\t<\/div>\n\t\t\t\t<div class=\"elementor-element elementor-element-2c4970e elementor-widget__width-initial elementor-widget elementor-widget-text-editor\" data-id=\"2c4970e\" data-element_type=\"widget\" data-widget_type=\"text-editor.default\">\n\t\t\t\t<div class=\"elementor-widget-container\">\n\t\t\t\t\t\t\t<p>El apoyo de la Comisi\u00f3n Europea a la elaboraci\u00f3n de esta comunicaci\u00f3n no constituye una aprobaci\u00f3n de su contenido <br \/>que refleja \u00fanicamente la opini\u00f3n de los autores, y la Comisi\u00f3n no se hace responsable del uso que pueda hacerse <br \/>de la informaci\u00f3n que contiene<br \/><b style=\"color: #222222; font-family: Tahoma, Arial; font-size: 13px;\"><span lang=\"EN-GB\" style=\"font-size: 11pt; font-family: Calibri, sans-serif;\">2020-1-ES01-KA202-<wbr><\/wbr>082113<\/span><\/b><\/p>\n\t\t\t\t\t\t<\/div>\n\t\t\t\t<\/div>\n\t\t\t\t\t<\/div>\n\t\t<\/div>\n\t\t\t\t\t\t\t<\/div>\n\t\t<\/section>\n\t\t\t\t\t\t\t<\/div>\n\t\t","protected":false},"excerpt":{"rendered":"<p>Resultados del Proyecto &nbsp; INFORME CLIVE Informe de la encuesta CLIVE: identificaci\u00f3n de las competencias, conocimientos y habilidades de docentes de FP y sus necesidades de aprendizaje relacionadas con t\u00e9cnicas de creatividad y herramientas innovadoras. Proporciona el marco para el posterior desarrollo del enfoque y [&hellip;]<\/p>\n","protected":false},"author":1,"featured_media":0,"parent":0,"menu_order":0,"comment_status":"closed","ping_status":"closed","template":"elementor_header_footer","meta":{"inline_featured_image":false},"acf":[],"_links":{"self":[{"href":"http:\/\/iestellez.ddns.net\/teachingcreativity\/wp-json\/wp\/v2\/pages\/4820"}],"collection":[{"href":"http:\/\/iestellez.ddns.net\/teachingcreativity\/wp-json\/wp\/v2\/pages"}],"about":[{"href":"http:\/\/iestellez.ddns.net\/teachingcreativity\/wp-json\/wp\/v2\/types\/page"}],"author":[{"embeddable":true,"href":"http:\/\/iestellez.ddns.net\/teachingcreativity\/wp-json\/wp\/v2\/users\/1"}],"replies":[{"embeddable":true,"href":"http:\/\/iestellez.ddns.net\/teachingcreativity\/wp-json\/wp\/v2\/comments?post=4820"}],"version-history":[{"count":52,"href":"http:\/\/iestellez.ddns.net\/teachingcreativity\/wp-json\/wp\/v2\/pages\/4820\/revisions"}],"predecessor-version":[{"id":13984,"href":"http:\/\/iestellez.ddns.net\/teachingcreativity\/wp-json\/wp\/v2\/pages\/4820\/revisions\/13984"}],"wp:attachment":[{"href":"http:\/\/iestellez.ddns.net\/teachingcreativity\/wp-json\/wp\/v2\/media?parent=4820"}],"curies":[{"name":"wp","href":"https:\/\/api.w.org\/{rel}","templated":true}]}}