{"id":11082,"date":"2022-07-29T11:48:09","date_gmt":"2022-07-29T08:48:09","guid":{"rendered":"http:\/\/localhost\/teachingcreativity\/?page_id=11082"},"modified":"2022-09-29T09:28:14","modified_gmt":"2022-09-29T06:28:14","slug":"technique-testimonials","status":"publish","type":"page","link":"http:\/\/iestellez.ddns.net\/teachingcreativity\/technique-testimonials\/","title":{"rendered":"Testimonials"},"content":{"rendered":"\t\t<div data-elementor-type=\"wp-page\" data-elementor-id=\"11082\" class=\"elementor elementor-11082\" data-elementor-post-type=\"page\">\n\t\t\t\t\t\t\t\t\t<section class=\"elementor-section elementor-top-section elementor-element elementor-element-72f46b1 elementor-section-boxed elementor-section-height-default elementor-section-height-default\" data-id=\"72f46b1\" data-element_type=\"section\">\n\t\t\t\t\t\t<div class=\"elementor-container elementor-column-gap-default\">\n\t\t\t\t\t<div class=\"elementor-column elementor-col-100 elementor-top-column elementor-element elementor-element-9f0835b\" data-id=\"9f0835b\" data-element_type=\"column\">\n\t\t\t<div class=\"elementor-widget-wrap elementor-element-populated\">\n\t\t\t\t\t\t\t\t<div class=\"elementor-element elementor-element-e90323a elementor-widget elementor-widget-shortcode\" data-id=\"e90323a\" data-element_type=\"widget\" data-widget_type=\"shortcode.default\">\n\t\t\t\t<div class=\"elementor-widget-container\">\n\t\t\t\t\t<div class=\"elementor-shortcode\">\n\t<form data-sf-form-id='11087' data-is-rtl='0' data-maintain-state='' data-results-url='http:\/\/iestellez.ddns.net\/teachingcreativity\/technique-testimonials\/' data-ajax-url='http:\/\/iestellez.ddns.net\/teachingcreativity\/technique-testimonials\/' data-ajax-form-url='http:\/\/iestellez.ddns.net\/teachingcreativity\/technique-testimonials\/' data-display-result-method='custom' data-use-history-api='1' data-template-loaded='0' data-lang-code='en' data-ajax='1' data-ajax-data-type='html' data-ajax-links-selector='.pagination a' data-ajax-target='#testimonials-wrapper' data-ajax-pagination-type='infinite_scroll' data-show-scroll-loader='1' data-infinite-scroll-trigger='-200' data-update-ajax-url='0' data-only-results-ajax='1' data-scroll-to-pos='0' data-init-paged='1' data-auto-update='1' data-auto-count='1' data-auto-count-refresh-mode='1' action='http:\/\/iestellez.ddns.net\/teachingcreativity\/technique-testimonials\/' method='post' class='searchandfilter' id='search-filter-form-11087' autocomplete='off' data-instance-count='1'><ul><li class=\"sf-field-post-meta-creativity_technique_name_testimonial\" data-sf-field-name=\"_sfm_creativity_technique_name_testimonial\" data-sf-field-type=\"post_meta\" data-sf-field-input-type=\"select\" data-sf-meta-type=\"choice\"><h4>Creativity Techniques<\/h4>\t\t<label>\n\t\t\t\t   \t\t<select name=\"_sfm_creativity_technique_name_testimonial[]\" class=\"sf-input-select\" title=\"\">\n\t\t\t\t\t\t  \t\t\t<option class=\"sf-level-0 sf-item-0 sf-option-active\" selected=\"selected\" data-sf-depth=\"0\" value=\"\">All Testimonials<\/option>\n\t\t\t\t\t\t\t\t\t\t\t<option class=\"sf-level-0 \" data-sf-count=\"1\" data-sf-depth=\"0\" value=\"6-3-5 Brainwriting\">6-3-5 Brainwriting<\/option>\n\t\t\t\t\t\t\t\t\t\t\t<option class=\"sf-level-0 \" data-sf-count=\"0\" data-sf-depth=\"0\" value=\"ABC Method\">ABC Method<\/option>\n\t\t\t\t\t\t\t\t\t\t\t<option class=\"sf-level-0 \" data-sf-count=\"0\" data-sf-depth=\"0\" value=\"ABC Method II\">ABC Method II<\/option>\n\t\t\t\t\t\t\t\t\t\t\t<option class=\"sf-level-0 \" data-sf-count=\"0\" data-sf-depth=\"0\" value=\"Analogous Inspiration\">Analogous Inspiration<\/option>\n\t\t\t\t\t\t\t\t\t\t\t<option class=\"sf-level-0 \" data-sf-count=\"0\" data-sf-depth=\"0\" value=\"Assumption Busting or Challenging Assumptions\">Assumption Busting or Challenging Assumptions<\/option>\n\t\t\t\t\t\t\t\t\t\t\t<option class=\"sf-level-0 \" data-sf-count=\"1\" data-sf-depth=\"0\" value=\"Brainwriting\">Brainwriting<\/option>\n\t\t\t\t\t\t\t\t\t\t\t<option class=\"sf-level-0 \" data-sf-count=\"1\" data-sf-depth=\"0\" value=\"Breathing Techniques\">Breathing Techniques<\/option>\n\t\t\t\t\t\t\t\t\t\t\t<option class=\"sf-level-0 \" data-sf-count=\"0\" data-sf-depth=\"0\" value=\"CATWOE\">CATWOE<\/option>\n\t\t\t\t\t\t\t\t\t\t\t<option class=\"sf-level-0 \" data-sf-count=\"1\" data-sf-depth=\"0\" value=\"Creative Prototype\">Creative Prototype<\/option>\n\t\t\t\t\t\t\t\t\t\t\t<option class=\"sf-level-0 \" data-sf-count=\"0\" data-sf-depth=\"0\" value=\"Decision Matrix\">Decision Matrix<\/option>\n\t\t\t\t\t\t\t\t\t\t\t<option class=\"sf-level-0 \" data-sf-count=\"0\" data-sf-depth=\"0\" value=\"Dotmocracy or Dot-voting\">Dotmocracy or Dot-voting<\/option>\n\t\t\t\t\t\t\t\t\t\t\t<option class=\"sf-level-0 \" data-sf-count=\"3\" data-sf-depth=\"0\" value=\"Experiential Learning\">Experiential Learning<\/option>\n\t\t\t\t\t\t\t\t\t\t\t<option class=\"sf-level-0 \" data-sf-count=\"0\" data-sf-depth=\"0\" value=\"Expert Panel\">Expert Panel<\/option>\n\t\t\t\t\t\t\t\t\t\t\t<option class=\"sf-level-0 \" data-sf-count=\"2\" data-sf-depth=\"0\" value=\"Fishbone Diagram\">Fishbone Diagram<\/option>\n\t\t\t\t\t\t\t\t\t\t\t<option class=\"sf-level-0 \" data-sf-count=\"0\" data-sf-depth=\"0\" value=\"Five Ws and H\">Five Ws and H<\/option>\n\t\t\t\t\t\t\t\t\t\t\t<option class=\"sf-level-0 \" data-sf-count=\"1\" data-sf-depth=\"0\" value=\"Flower Method\">Flower Method<\/option>\n\t\t\t\t\t\t\t\t\t\t\t<option class=\"sf-level-0 \" data-sf-count=\"1\" data-sf-depth=\"0\" value=\"Lateral Thinking\">Lateral Thinking<\/option>\n\t\t\t\t\t\t\t\t\t\t\t<option class=\"sf-level-0 \" data-sf-count=\"2\" data-sf-depth=\"0\" value=\"Lean Startup\">Lean Startup<\/option>\n\t\t\t\t\t\t\t\t\t\t\t<option class=\"sf-level-0 \" data-sf-count=\"0\" data-sf-depth=\"0\" value=\"Lotus Blossom Technique\">Lotus Blossom Technique<\/option>\n\t\t\t\t\t\t\t\t\t\t\t<option class=\"sf-level-0 \" data-sf-count=\"0\" data-sf-depth=\"0\" value=\"Megatrend\">Megatrend<\/option>\n\t\t\t\t\t\t\t\t\t\t\t<option class=\"sf-level-0 \" data-sf-count=\"2\" data-sf-depth=\"0\" value=\"Mind Mapping\">Mind Mapping<\/option>\n\t\t\t\t\t\t\t\t\t\t\t<option class=\"sf-level-0 \" data-sf-count=\"0\" data-sf-depth=\"0\" value=\"SCAMPER\">SCAMPER<\/option>\n\t\t\t\t\t\t\t\t\t\t\t<option class=\"sf-level-0 \" data-sf-count=\"0\" data-sf-depth=\"0\" value=\"Serious Games\">Serious Games<\/option>\n\t\t\t\t\t\t\t\t\t\t\t<option class=\"sf-level-0 \" data-sf-count=\"2\" data-sf-depth=\"0\" value=\"Six Thinking Hats\">Six Thinking Hats<\/option>\n\t\t\t\t\t\t\t\t\t\t\t<option class=\"sf-level-0 \" data-sf-count=\"2\" data-sf-depth=\"0\" value=\"Storyboard\">Storyboard<\/option>\n\t\t\t\t\t\t\t\t\t\t\t<option class=\"sf-level-0 \" data-sf-count=\"5\" data-sf-depth=\"0\" value=\"Storytelling\">Storytelling<\/option>\n\t\t\t\t\t\t\t\t\t\t\t<option class=\"sf-level-0 \" data-sf-count=\"0\" data-sf-depth=\"0\" value=\"SWOT\">SWOT<\/option>\n\t\t\t\t\t\t\t\t\t\t\t<option class=\"sf-level-0 \" data-sf-count=\"0\" data-sf-depth=\"0\" value=\"The 100 Euro Test\">The 100 Euro Test<\/option>\n\t\t\t\t\t\t\t\t\t\t\t<option class=\"sf-level-0 \" data-sf-count=\"0\" data-sf-depth=\"0\" value=\"The Delphi Technique\">The Delphi Technique<\/option>\n\t\t\t\t\t\t\t\t\t\t\t<option class=\"sf-level-0 \" data-sf-count=\"0\" data-sf-depth=\"0\" value=\"The Morphological Box\">The Morphological Box<\/option>\n\t\t\t\t\t\t\t\t\t\t\t<option class=\"sf-level-0 \" data-sf-count=\"1\" data-sf-depth=\"0\" value=\"The NAF Technique\">The NAF Technique<\/option>\n\t\t\t\t\t\t\t\t\t\t\t<option class=\"sf-level-0 \" data-sf-count=\"0\" data-sf-depth=\"0\" value=\"Turn Light on decision\">Turn Light on decision<\/option>\n\t\t\t\t\t\t\t\t\t\t\t<option class=\"sf-level-0 \" data-sf-count=\"3\" data-sf-depth=\"0\" value=\"World cafe\/Knowledge cafe\">World cafe\/Knowledge cafe<\/option>\n\t\t\t\t\t\t\t\t\t\t\t<option class=\"sf-level-0 \" data-sf-count=\"0\" data-sf-depth=\"0\" value=\"Zero Measurement Technique\">Zero Measurement Technique<\/option>\n\t\t\t\t\t\t\t\t\t\t\t<\/select><\/label>\t\t\t\t\t\t\t\t\t\t<\/li><\/ul><\/form>\n\t<div id=\"testimonials-wrapper\">\n\t\t<div class=\"testimonial-post\">\n\t\t\t\t<a href=\"http:\/\/iestellez.ddns.net\/teachingcreativity\/testimonials\/allison-may\/\">\n\t\t\t\t\n\t\t\t\t<div class=\"testimonial-post-img\">\n\t\t\t\t\t<img decoding=\"async\" src=\"http:\/\/iestellez.ddns.net\/teachingcreativity\/wp-content\/uploads\/2018\/05\/lpc3-N.jpeg\"\/>\n\t\t\t\t<\/div>\n\t\t\t\t<span class=\"testimonial-post-title\">Allison May<\/span>\n\t\t\t\t<span class=\"technique-name\">Experiential Learning<\/span>\n\t\t\t\t<\/a>\n\t\t\t\n\t\t<\/div>\n\t\t<div class=\"testimonial-post\">\n\t\t\t\t<a href=\"http:\/\/iestellez.ddns.net\/teachingcreativity\/testimonials\/allison-may-2\/\">\n\t\t\t\t\n\t\t\t\t<div class=\"testimonial-post-img\">\n\t\t\t\t\t<img decoding=\"async\" src=\"http:\/\/iestellez.ddns.net\/teachingcreativity\/wp-content\/uploads\/2022\/02\/Picture1-4.jpg\"\/>\n\t\t\t\t<\/div>\n\t\t\t\t<span class=\"testimonial-post-title\">Allison May<\/span>\n\t\t\t\t<span class=\"technique-name\">Storytelling<\/span>\n\t\t\t\t<\/a>\n\t\t\t\n\t\t<\/div>\n\t\t<div class=\"testimonial-post\">\n\t\t\t\t<a href=\"http:\/\/iestellez.ddns.net\/teachingcreativity\/testimonials\/andreas-wilhoft\/\">\n\t\t\t\t\n\t\t\t\t<div class=\"testimonial-post-img\">\n\t\t\t\t\t<img decoding=\"async\" src=\"http:\/\/iestellez.ddns.net\/teachingcreativity\/wp-content\/uploads\/2022\/02\/Picture1-5.jpg\"\/>\n\t\t\t\t<\/div>\n\t\t\t\t<span class=\"testimonial-post-title\">Andreas Wilh\u00f8ft<\/span>\n\t\t\t\t<span class=\"technique-name\">Lean Startup<\/span>\n\t\t\t\t<\/a>\n\t\t\t\n\t\t<\/div>\n\t\t<div class=\"testimonial-post\">\n\t\t\t\t<a href=\"http:\/\/iestellez.ddns.net\/teachingcreativity\/testimonials\/andreas-wilhoft-2\/\">\n\t\t\t\t\n\t\t\t\t<div class=\"testimonial-post-img\">\n\t\t\t\t\t<img decoding=\"async\" src=\"http:\/\/iestellez.ddns.net\/teachingcreativity\/wp-content\/uploads\/2022\/02\/Picture1-9.jpg\"\/>\n\t\t\t\t<\/div>\n\t\t\t\t<span class=\"testimonial-post-title\">Andreas Wilh\u00f8ft<\/span>\n\t\t\t\t<span class=\"technique-name\">The NAF Technique<\/span>\n\t\t\t\t<\/a>\n\t\t\t\n\t\t<\/div>\n\t\t<div class=\"testimonial-post\">\n\t\t\t\t<a href=\"http:\/\/iestellez.ddns.net\/teachingcreativity\/testimonials\/carmen-abad-penalba-gloria-gonzalez-sanchez\/\">\n\t\t\t\t\n\t\t\t\t<div class=\"testimonial-post-img\">\n\t\t\t\t\t<img decoding=\"async\" src=\"http:\/\/iestellez.ddns.net\/teachingcreativity\/wp-content\/uploads\/2022\/02\/Picture1-2.jpg\"\/>\n\t\t\t\t<\/div>\n\t\t\t\t<span class=\"testimonial-post-title\">Carmen Abad Pe\u00f1alba &#038; Gloria Gonz\u00e1lez S\u00e1nchez<\/span>\n\t\t\t\t<span class=\"technique-name\">Creative Prototype<\/span>\n\t\t\t\t<\/a>\n\t\t\t\n\t\t<\/div>\n\t\t<div class=\"testimonial-post\">\n\t\t\t\t<a href=\"http:\/\/iestellez.ddns.net\/teachingcreativity\/testimonials\/dr-ozge-andic-cakir\/\">\n\t\t\t\t\n\t\t\t\t<div class=\"testimonial-post-img\">\n\t\t\t\t\t<img decoding=\"async\" src=\"http:\/\/iestellez.ddns.net\/teachingcreativity\/wp-content\/uploads\/2022\/02\/Picture1.jpg\"\/>\n\t\t\t\t<\/div>\n\t\t\t\t<span class=\"testimonial-post-title\">Dr. \u00d6zge Andi\u00e7 \u00c7ak\u0131r<\/span>\n\t\t\t\t<span class=\"technique-name\">Six Thinking Hats<\/span>\n\t\t\t\t<\/a>\n\t\t\t\n\t\t<\/div>\n\t\t<div class=\"testimonial-post\">\n\t\t\t\t<a href=\"http:\/\/iestellez.ddns.net\/teachingcreativity\/testimonials\/elena-sarantidi\/\">\n\t\t\t\t\n\t\t\t\t<div class=\"testimonial-post-img\">\n\t\t\t\t\t<img decoding=\"async\" src=\"http:\/\/iestellez.ddns.net\/teachingcreativity\/wp-content\/uploads\/2022\/02\/Picture1-4.jpg\"\/>\n\t\t\t\t<\/div>\n\t\t\t\t<span class=\"testimonial-post-title\">Elena Sarantidi<\/span>\n\t\t\t\t<span class=\"technique-name\">Storytelling<\/span>\n\t\t\t\t<\/a>\n\t\t\t\n\t\t<\/div>\n\t\t<div class=\"testimonial-post\">\n\t\t\t\t<a href=\"http:\/\/iestellez.ddns.net\/teachingcreativity\/testimonials\/francisco-jose-rosa-encinas\/\">\n\t\t\t\t\n\t\t\t\t<div class=\"testimonial-post-img\">\n\t\t\t\t\t<img decoding=\"async\" src=\"http:\/\/iestellez.ddns.net\/teachingcreativity\/wp-content\/uploads\/2022\/02\/Picture1-4.jpg\"\/>\n\t\t\t\t<\/div>\n\t\t\t\t<span class=\"testimonial-post-title\">Francisco Jos\u00e9 Rosa Encinas<\/span>\n\t\t\t\t<span class=\"technique-name\">Storytelling<\/span>\n\t\t\t\t<\/a>\n\t\t\t\n\t\t<\/div>\n\t\t<div class=\"testimonial-post\">\n\t\t\t\t<a href=\"http:\/\/iestellez.ddns.net\/teachingcreativity\/testimonials\/george-robinson\/\">\n\t\t\t\t\n\t\t\t\t<div class=\"testimonial-post-img\">\n\t\t\t\t\t<img decoding=\"async\" src=\"http:\/\/iestellez.ddns.net\/teachingcreativity\/wp-content\/uploads\/2022\/02\/Picture2-10.jpg\"\/>\n\t\t\t\t<\/div>\n\t\t\t\t<span class=\"testimonial-post-title\">George Robinson<\/span>\n\t\t\t\t<span class=\"technique-name\">Mind Mapping<\/span>\n\t\t\t\t<\/a>\n\t\t\t\n\t\t<\/div>\n\t\t<div class=\"testimonial-post\">\n\t\t\t\t<a href=\"http:\/\/iestellez.ddns.net\/teachingcreativity\/testimonials\/george-robinson-2\/\">\n\t\t\t\t\n\t\t\t\t<div class=\"testimonial-post-img\">\n\t\t\t\t\t<img decoding=\"async\" src=\"http:\/\/iestellez.ddns.net\/teachingcreativity\/wp-content\/uploads\/2022\/02\/Picture2.png\"\/>\n\t\t\t\t<\/div>\n\t\t\t\t<span class=\"testimonial-post-title\">George Robinson<\/span>\n\t\t\t\t<span class=\"technique-name\">Brainwriting<\/span>\n\t\t\t\t<\/a>\n\t\t\t\n\t\t<\/div>\n\t\t<h3 id=\"no-results\">Have you tried or would you be interested in implementing this technique in your teaching activities?<\/br>If you want to share your experience with the CLIVE community, please contact your local CLIVE <a href=\"https:\/\/www.teachingcreativity.eu\/contact\/?lang=en\">partners<\/a>.<\/h3>\n\t<\/div>\n\t<script>\n\tjQuery(document).on(\"sf:ajaxfinish\", \".searchandfilter\", function(){\n\t\tif(jQuery(\".testimonial-post\").length === 0 ){\n\t\t\tjQuery(\"#no-results\").show();\n\t\t} else {\n\t\t\tjQuery(\"#no-results\").hide();\n\t\t}\n\t});\n\t<\/script><\/div>\n\t\t\t\t<\/div>\n\t\t\t\t<\/div>\n\t\t\t\t\t<\/div>\n\t\t<\/div>\n\t\t\t\t\t\t\t<\/div>\n\t\t<\/section>\n\t\t\t\t\t\t\t<\/div>\n\t\t","protected":false},"excerpt":{"rendered":"","protected":false},"author":1,"featured_media":0,"parent":0,"menu_order":0,"comment_status":"closed","ping_status":"closed","template":"","meta":{"inline_featured_image":false},"acf":[],"_links":{"self":[{"href":"http:\/\/iestellez.ddns.net\/teachingcreativity\/wp-json\/wp\/v2\/pages\/11082"}],"collection":[{"href":"http:\/\/iestellez.ddns.net\/teachingcreativity\/wp-json\/wp\/v2\/pages"}],"about":[{"href":"http:\/\/iestellez.ddns.net\/teachingcreativity\/wp-json\/wp\/v2\/types\/page"}],"author":[{"embeddable":true,"href":"http:\/\/iestellez.ddns.net\/teachingcreativity\/wp-json\/wp\/v2\/users\/1"}],"replies":[{"embeddable":true,"href":"http:\/\/iestellez.ddns.net\/teachingcreativity\/wp-json\/wp\/v2\/comments?post=11082"}],"version-history":[{"count":28,"href":"http:\/\/iestellez.ddns.net\/teachingcreativity\/wp-json\/wp\/v2\/pages\/11082\/revisions"}],"predecessor-version":[{"id":11517,"href":"http:\/\/iestellez.ddns.net\/teachingcreativity\/wp-json\/wp\/v2\/pages\/11082\/revisions\/11517"}],"wp:attachment":[{"href":"http:\/\/iestellez.ddns.net\/teachingcreativity\/wp-json\/wp\/v2\/media?parent=11082"}],"curies":[{"name":"wp","href":"https:\/\/api.w.org\/{rel}","templated":true}]}}