{"id":10759,"date":"2022-06-27T18:28:26","date_gmt":"2022-06-27T15:28:26","guid":{"rendered":"http:\/\/localhost\/teachingcreativity\/politika-bildirimi\/"},"modified":"2023-02-28T17:59:40","modified_gmt":"2023-02-28T14:59:40","slug":"politika-bildirimi","status":"publish","type":"page","link":"http:\/\/iestellez.ddns.net\/teachingcreativity\/politika-bildirimi\/?lang=tr","title":{"rendered":"Politika Bildirimi"},"content":{"rendered":"\t\t<div data-elementor-type=\"wp-page\" data-elementor-id=\"10759\" class=\"elementor elementor-10759 elementor-3\" data-elementor-post-type=\"page\">\n\t\t\t\t\t\t\t\t\t<section class=\"elementor-section elementor-top-section elementor-element elementor-element-5a4a1ada elementor-section-boxed elementor-section-height-default elementor-section-height-default\" data-id=\"5a4a1ada\" data-element_type=\"section\">\n\t\t\t\t\t\t<div class=\"elementor-container elementor-column-gap-default\">\n\t\t\t\t\t<div class=\"elementor-column elementor-col-100 elementor-top-column elementor-element elementor-element-1abaa05e\" data-id=\"1abaa05e\" data-element_type=\"column\">\n\t\t\t<div class=\"elementor-widget-wrap elementor-element-populated\">\n\t\t\t\t\t\t\t\t<div class=\"elementor-element elementor-element-5c5f2fe8 elementor-widget elementor-widget-text-editor\" data-id=\"5c5f2fe8\" data-element_type=\"widget\" data-widget_type=\"text-editor.default\">\n\t\t\t\t<div class=\"elementor-widget-container\">\n\t\t\t\t\t\t\t<h2>G\u0130R\u0130\u015e<\/h2><p style=\"text-align: justify;\">Avrupa Birli\u011fi Erasmus+ Program\u0131 (2020-1-ES01-KA202-0821131) \u00e7er\u00e7evesinde geli\u015ftirilen ve \u015fu anda y\u00fcr\u00fct\u00fclen web sitemizi ziyaret etti\u011finiz i\u00e7in te\u015fekk\u00fcr ederiz. CLIVE, yarat\u0131c\u0131l\u0131k tekniklerini ve bunlarla ilgili dijital ara\u00e7lar\u0131 \u00f6\u011fretim faaliyetlerine yerle\u015ftirmek i\u00e7in yeni bir yakla\u015f\u0131m\u0131n geli\u015ftirilmesi yoluyla VET \u00f6\u011fretmenlerinin s\u00fcrekli geli\u015fimine y\u00f6nelik sistematik bir yakla\u015f\u0131m ve f\u0131rsatlar sunar. Bu nedenle, kendi konular\u0131nda y\u00fcksek kaliteli \u00f6\u011fretim sunmalar\u0131na ve g\u00fcn\u00fcm\u00fcz\u00fcn zorluk ve taleplerine daha fazla uyarlanm\u0131\u015f e\u011fitim yakla\u015f\u0131mlar\u0131na olan ihtiyac\u0131 ele almalar\u0131na olanak tan\u0131yan bir dizi beceri sunar. Bu ba\u011flamda, gizlili\u011finiz bizim i\u00e7in \u00f6nemlidir ve ki\u015fisel verilerinin i\u015flenmesine ili\u015fkin olarak bireylerin korunmas\u0131na ve bu t\u00fcr verilerin serbest dola\u015f\u0131m\u0131na ili\u015fkin 2016\/679 Avrupa Y\u00f6netmeli\u011fine uygun olarak gizlili\u011finizi korumay\u0131 taahh\u00fct ediyoruz ( Genel Veri Koruma Y\u00f6netmeli\u011fi, bundan b\u00f6yle \u201cY\u00f6netmelik\u201d olarak an\u0131lacakt\u0131r) y\u00fcr\u00fcrl\u00fcktedir. Bu ama\u00e7la, CLIVE web sitesi (&#8220;Web Sitesi&#8221;) i\u00e7in ge\u00e7erli olan ve yaln\u0131zca Web Sitesi taraf\u0131ndan ki\u015fisel bilgi toplama ve kullan\u0131m\u0131n\u0131 y\u00f6neten bu Gizlilik Politikas\u0131n\u0131 sunuyoruz. Gizlilik Politikam\u0131z\u0131 herhangi bir zamanda g\u00fcncelleme veya de\u011fi\u015ftirme hakk\u0131n\u0131 sakl\u0131 tutar\u0131z. Bunu ak\u0131lda tutarak, bu Gizlilik Politikas\u0131n\u0131 periyodik olarak kontrol etmelisiniz.<\/p><h2>Bunu ak\u0131lda tutarak, bu Gizlilik Politikas\u0131n\u0131 periyodik olarak kontrol etmelisiniz.<\/h2><p style=\"text-align: justify;\">\u0130\u015fledi\u011fimiz bilgilerin miktar\u0131 ve t\u00fcr\u00fc, faaliyetlerinize ve Web Sitesini kullan\u0131m\u0131n\u0131za ba\u011fl\u0131d\u0131r. Belirli bilgiler sadece Web Sitesini kullan\u0131m\u0131n\u0131zdan toplan\u0131rken, di\u011fer bilgiler taraf\u0131n\u0131zca g\u00f6n\u00fcll\u00fc olarak bizimle ileti\u015fimlerinizde veya talep edilen hizmetleri almak i\u00e7in g\u00f6nderilir. A\u015fa\u011f\u0131da, \u00e7e\u015fitli hizmetlerimiz i\u00e7in i\u015fledi\u011fimiz bilgileri a\u00e7\u0131kl\u0131yoruz. Ki\u015fisel verilerinizin i\u015flenmesinin me\u015fru sebepleri nelerdir? Ki\u015fisel bilgilerinizin yasal olarak i\u015flenmesinin me\u015fru nedenleri, CLIVE proje sonu\u00e7lar\u0131n\u0131 tan\u0131tmak i\u00e7in CLIVE konsorsiyumunun me\u015fru menfaatidir.<\/p><h2>Ki\u015fisel verilerinizin i\u015flenmesinden kim sorumludur?<\/h2><p>Bu Politika, Clive taraf\u0131ndan (veya ad\u0131na) i\u015flenen t\u00fcm Ki\u015fisel Verileriniz i\u00e7in ge\u00e7erlidir: Clive,<\/p><p>Ki\u015fisel Verilerinizin i\u015flenmesinden sorumludur ve veri denetleyicisi olarak hareket edecektir.<\/p><h2>\u0130\u015fledi\u011fimiz ki\u015fisel bilgilerin saklanmas\u0131 ve silinmesi<\/h2><p>Bize Web Sitesi arac\u0131l\u0131\u011f\u0131yla veya cliveteam@googlegroups.com e-posta yoluyla veya \u00e7evrimi\u00e7i<\/p><p>formu (http:\/\/localhost\/teachingcreativity\/contact\/) doldurarak do\u011frudan bizimle ileti\u015fime ge\u00e7erek sa\u011flad\u0131\u011f\u0131n\u0131z t\u00fcm ki\u015fisel bilgiler Fourpillars taraf\u0131ndan<\/p><p>g\u00fcvenli bir \u015fekilde sadece gerekti\u011fi kadar saklan\u0131r.<\/p><p>Bu s\u00fcre CLIVE&#8217;\u0131n finansman otoritesi olan Avrupa Birli\u011fi&#8217;ne kar\u015f\u0131 s\u00f6zle\u015fmeden do\u011fan y\u00fck\u00fcml\u00fcl\u00fcklerimize uymam\u0131z i\u00e7in ve<\/p><p>CLIVE proje s\u00f6zle\u015fmesinden do\u011fan yasal iddialar\u0131n savunulmas\u0131 i\u00e7in aksi gerekmedik\u00e7e veya<\/p><p>zorunlu olarak aksi belirtilmedik\u00e7e CLIVE&#8217;\u0131n projesinin tamamlanmas\u0131ndan itibaren en fazla 2 y\u0131ld\u0131r.<\/p><h2><strong>Ki\u015fisel verilerinizin i\u015flenmesi: Hangi ki\u015fisel verileri topluyoruz?<\/strong><\/h2><p>\u00d6zel durumunuza ba\u011fl\u0131 olarak &#8211; a\u015fa\u011f\u0131da a\u00e7\u0131kland\u0131\u011f\u0131 gibi &#8211; Ki\u015fisel Verilerin hangi yasal dayanak(lar)a ve hangi ama\u00e7(lar)a g\u00f6re i\u015flenece\u011fine dair bir genel bak\u0131\u015f bulabilirsiniz.<\/p><h4><strong>A. WEB S\u0130TE Z\u0130YARET\u00c7\u0130LER\u0130<\/strong><\/h4><p>Web sitemizi kullanarak, sizinle ilgili belirli bilgiler \u00e7erezlere dayanarak otomatik olarak kaydedilir (a\u015fa\u011f\u0131daki \u00e7erez politikas\u0131). Yakla\u015f\u0131k konum (IP adresi) ve \u00e7evrimi\u00e7i kurslara kay\u0131t d\u0131\u015f\u0131nda, \u00e7erezlerimiz taraf\u0131ndan toplanan bilgiler genellikle anonimdir.<\/p><h4><strong>Yakla\u015f\u0131k konum (IP adresi) ve \u00e7evrimi\u00e7i kurslara kay\u0131t d\u0131\u015f\u0131nda, \u00e7erezlerimiz taraf\u0131ndan toplanan bilgiler genellikle anonimdir.<\/strong><\/h4><p>Kay\u0131tl\u0131 ki\u015filerden (bundan b\u00f6yle \u201cKay\u0131t Sahipleri\u201d olarak an\u0131lacakt\u0131r), a\u015fa\u011f\u0131daki bilgileri almam\u0131z m\u00fcmk\u00fcnd\u00fcr:<\/p><ul><li>E-posta adresi<\/li><li>\u0130lk ad\u0131<\/li><li>Soyad\u0131<\/li><li>IP adresi<\/li><\/ul><p>Bu Ki\u015fisel Verileri, bireyi \u00e7evrimi\u00e7i kurslara kaydettirmek i\u00e7in i\u015fleriz http:\/\/localhost\/teachingcreativity\/creativity-techniques\/).<\/p><h2><strong>Ki\u015fisel verilerin if\u015fas\u0131<\/strong><\/h2><p>Ki\u015fisel Verilerinizi toplama ama\u00e7lar\u0131m\u0131za ba\u011fl\u0131 olarak, bunlar\u0131, Ki\u015fisel Verilerinizi yaln\u0131zca bu ama\u00e7lar \u00e7er\u00e7evesinde i\u015fleyecek olan a\u015fa\u011f\u0131daki al\u0131c\u0131 kategorilerine if\u015fa edebiliriz:<\/p><h4><strong>KURULU\u015eLARIMIZ VE MARKA ORTAMIMIZ \u0130\u00c7\u0130NDE:<\/strong><\/h4><ul><li>Yetkili personelimiz ;<\/li><\/ul><h2><strong>Saklama s\u00fcresi<\/strong><\/h2><p>Bir s\u0131n\u0131rlama s\u00fcresi veya yasal bir y\u00fck\u00fcml\u00fcl\u00fc\u011fe uygunluk nedeniyle daha uzun bir saklama s\u00fcresi gerekmedik\u00e7e veya gerek\u00e7elendirilmedik\u00e7e, Ki\u015fisel Verilerinizi yaln\u0131zca yukar\u0131da belirtilen ama\u00e7lar dahilinde i\u015fleme i\u00e7in gerekli oldu\u011fu s\u00fcrece tutaca\u011f\u0131z.<\/p><h2>Haklar\u0131n\u0131z<\/h2><p>\u0130stedi\u011finiz zaman kullanabilece\u011finiz bir dizi hakk\u0131n\u0131z vard\u0131r. \u00d6zellikle, sahip oldu\u011funuz:<\/p><ul><li><strong>Bilgilendirilme hakk\u0131:<\/strong>Ki\u015fisel bilgilerinizin i\u015flenmesi ve kullan\u0131lmas\u0131 hakk\u0131nda, bu bilgileri i\u015fleme amac\u0131m\u0131z, bu bilgileri ne kadar s\u00fcreyle tutaca\u011f\u0131m\u0131z ve kimlerle payla\u015faca\u011f\u0131m\u0131z hakk\u0131nda bilgilendirilme hakk\u0131n\u0131z vard\u0131r.<\/li><li><strong>Eri\u015fim hakk\u0131:<\/strong> Sizinle ilgili ki\u015fisel bilgileri i\u015fleyip i\u015flemedi\u011fimizi bizden teyit etme hakk\u0131na sahipsiniz. B\u00f6yle bir durumda, i\u015fledi\u011fimiz ki\u015fisel bilgilerinize ve ilgili ek bilgilere eri\u015febilirsiniz.<\/li><li><strong>D\u00fczeltme hakk\u0131:<\/strong> G\u00fcncel, eksiksiz veya do\u011fru olmad\u0131\u011f\u0131n\u0131 d\u00fc\u015f\u00fcnmeniz durumunda, bizden ki\u015fisel bilgilerinizde de\u011fi\u015fiklik, d\u00fczeltme veya g\u00fcncelleme talep etme hakk\u0131n\u0131z vard\u0131r. Silme hakk\u0131 (\u201cunutulma hakk\u0131\u201d): Belirli k\u0131s\u0131tlamalara tabi olarak, i\u015fledi\u011fimiz ki\u015fisel bilgilerinizi silmemizi isteme hakk\u0131n\u0131z vard\u0131r.<\/li><li><strong>\u0130\u015flemeyi k\u0131s\u0131tlama hakk\u0131:<\/strong> Bu bilgileri kullanma \u015feklimizi s\u0131n\u0131rlamak amac\u0131yla bizden ki\u015fisel bilgilerinizin i\u015flenmesini k\u0131s\u0131tlamam\u0131z\u0131 talep etme hakk\u0131na sahipsiniz. Veri ta\u015f\u0131nabilirli\u011fi hakk\u0131: Ki\u015fisel bilgilerinizin size geri verilmesini veya \u00fc\u00e7\u00fcnc\u00fc bir tarafa aktar\u0131lmas\u0131n\u0131 isteme hakk\u0131n\u0131z vard\u0131r.<\/li><li><strong>\u0130tiraz hakk\u0131:<\/strong>\u00d6zel durumunuzla ilgili nedenlerle istedi\u011finiz zaman ki\u015fisel bilgilerinizi i\u015flememize itiraz etme hakk\u0131n\u0131z vard\u0131r.<\/li><li><strong>Sizinle ilgili yasal sonu\u00e7lar do\u011furan veya benzer \u015fekilde sizi \u00f6nemli \u00f6l\u00e7\u00fcde<\/strong> etkileyen, yaln\u0131zca otomatik i\u015flemeye (profil olu\u015fturma dahil) dayal\u0131 bir karara tabi olmama hakk\u0131. Haklar\u0131n\u0131z\u0131 kullanmak i\u00e7in l\u00fctfen CLIVE ile ileti\u015fime ge\u00e7in veya bize cliveteam@googlegroups.com adresine bir bildirim g\u00f6nderin. Dilerseniz bir denetim makam\u0131na (\u00f6rne\u011fin b\u00f6lgenizdeki veya \u00fclkenizdeki Veri Koruma Makam\u0131na) \u015fikayette bulunma hakk\u0131n\u0131z oldu\u011funu l\u00fctfen unutmay\u0131n.<\/li><\/ul><h2>\u00dc\u00e7\u00fcnc\u00fc Taraf Web Siteleri<\/h2><p>Web sitemiz, \u00fc\u00e7\u00fcnc\u00fc taraf web sitelerine ba\u011flant\u0131lar veya bunlara eri\u015fme olana\u011f\u0131 i\u00e7erebilir. Bu \u00fc\u00e7\u00fcnc\u00fc taraflar\u0131n kulland\u0131\u011f\u0131 gizlilik uygulamalar\u0131ndan veya web sitelerinin i\u00e7erdi\u011fi bilgi veya i\u00e7erikten sorumlu de\u011filiz. Bu Gizlilik Politikas\u0131 yaln\u0131zca bizim taraf\u0131m\u0131zdan toplanan bilgiler i\u00e7in ge\u00e7erlidir. Web sitelerini kullanmaya devam etmeden \u00f6nce \u00fc\u00e7\u00fcnc\u00fc taraflar\u0131n gizlilik politikalar\u0131n\u0131 okuman\u0131z\u0131 \u00f6neririz.<\/p><h2>\u00c7ocuklar<\/h2><p>16 ya\u015f\u0131ndan k\u00fc\u00e7\u00fck \u00e7ocuklar\u0131n bilgilerini bilerek i\u015flemez, kullanmaz veya if\u015fa etmeyiz. 16 ya\u015f\u0131ndan k\u00fc\u00e7\u00fck bir \u00e7ocu\u011fun ki\u015fisel bilgilerini toplad\u0131\u011f\u0131m\u0131z\u0131 \u00f6\u011frenirsek, bilgileri m\u00fcmk\u00fcn olan en k\u0131sa s\u00fcrede silmek i\u00e7in gerekli ad\u0131mlar\u0131 ataca\u011f\u0131z. 16 ya\u015f\u0131ndan k\u00fc\u00e7\u00fck bir \u00e7ocu\u011fun bize ki\u015fisel bilgiler verdi\u011fini fark ederseniz l\u00fctfen hemen bizimle ileti\u015fime ge\u00e7in.<\/p><h2>\u0130zleme Teknolojileri ve \u00c7eerezler<\/h2><p>Hizmetimizdeki etkinli\u011fi izlemek ve belirli bilgileri depolamak i\u00e7in \u00c7erezler ve benzer izleme teknolojileri kullan\u0131yoruz. Kullan\u0131lan izleme teknolojileri, bilgi toplamak ve izlemek ve Hizmetimizi iyile\u015ftirmek ve analiz etmek i\u00e7in i\u015faretler, etiketler ve komut dosyalar\u0131d\u0131r. Kulland\u0131\u011f\u0131m\u0131z teknolojiler \u015funlar\u0131 i\u00e7erebilir:<\/p><ul><li><strong>Tan\u0131mlama Bilgileri<\/strong> veya Taray\u0131c\u0131 Tan\u0131mlama Bilgileri. \u00c7erez, Cihaz\u0131n\u0131za yerle\u015ftirilen k\u00fc\u00e7\u00fck bir dosyad\u0131r. Taray\u0131c\u0131n\u0131za t\u00fcm \u00c7erezleri reddetmesi veya bir \u00c7erez g\u00f6nderildi\u011finde bunu belirtmesi talimat\u0131n\u0131 verebilirsiniz. Ancak \u00c7erezleri kabul etmezseniz Hizmetimizin baz\u0131 k\u0131s\u0131mlar\u0131n\u0131 kullanamayabilirsiniz.<\/li><li><strong>Taray\u0131c\u0131 ayar\u0131n\u0131z\u0131<\/strong> \u00c7erezleri reddedecek \u015fekilde de\u011fi\u015ftirmediyseniz, Hizmetimiz \u00c7erezleri kullanabilir. Fla\u015f \u00c7erezler. Hizmetimizin belirli \u00f6zellikleri, tercihleriniz veya Hizmetimizdeki etkinli\u011finiz hakk\u0131nda bilgi toplamak ve depolamak i\u00e7in yerel olarak depolanm\u0131\u015f nesneleri (veya Flash Tan\u0131mlama Bilgilerini) kullanabilir. Flash Tan\u0131mlama Bilgileri, Taray\u0131c\u0131 Tan\u0131mlama Bilgileri i\u00e7in kullan\u0131lanlarla ayn\u0131 taray\u0131c\u0131 ayarlar\u0131 taraf\u0131ndan y\u00f6netilmez. Flash \u00c7erezlerini nas\u0131l silebilece\u011finiz hakk\u0131nda daha fazla bilgi i\u00e7in l\u00fctfen \u201cYerel payla\u015f\u0131lan nesneleri devre d\u0131\u015f\u0131 b\u0131rakmak veya silmek i\u00e7in ayarlar\u0131 nerede de\u011fi\u015ftirebilirim?\u201d b\u00f6l\u00fcm\u00fcn\u00fc okuyun. <a href=\"https:\/\/helpx.adobe.com\/flash-player\/kb\/disable-local-shared-objects-flash.html#main_Where_can_I_change_the_settings_for_disabling__or_deleting_local_shared_objects_\">https:\/\/helpx.adobe.com\/flash-player\/kb\/disable-local-shared-objects-flash.html#main_Where_can_I_change_the_settings_for_disabling__or_deleting_local_shared_objects_ adresinde<\/a> bulunabilir<\/li><li><strong>Web \u0130\u015faret\u00e7ileri.<\/strong> Hizmetimizin ve e-postalar\u0131m\u0131z\u0131n belirli b\u00f6l\u00fcmleri, \u00f6rne\u011fin \u015eirketin bu sayfalar\u0131 ziyaret eden kullan\u0131c\u0131lar\u0131 saymas\u0131na izin veren web i\u015faret\u00e7ileri (net gifler, piksel etiketleri ve tek pikselli gifler olarak da an\u0131l\u0131r) olarak bilinen k\u00fc\u00e7\u00fck elektronik dosyalar i\u00e7erebilir. veya bir e-posta ve di\u011fer ilgili web sitesi istatistikleri i\u00e7in (\u00f6rne\u011fin, belirli bir b\u00f6l\u00fcm\u00fcn pop\u00fclerli\u011fini kaydetme ve sistem ve sunucu b\u00fct\u00fcnl\u00fc\u011f\u00fcn\u00fc do\u011frulama) i\u00e7in.<\/li><\/ul><p>\u00c7erezler &#8220;Kal\u0131c\u0131&#8221; veya &#8220;Oturum&#8221; \u00c7erezleri olabilir. Kal\u0131c\u0131 \u00c7erezler, \u00e7evrimd\u0131\u015f\u0131 oldu\u011funuzda ki\u015fisel bilgisayar\u0131n\u0131zda veya mobil cihaz\u0131n\u0131zda kal\u0131rken Oturum \u00c7erezleri, web taray\u0131c\u0131n\u0131z\u0131 kapat\u0131r kapatmaz silinir. \u00dccretsiz Gizlilik Politikas\u0131 web sitesi makalesinde \u00e7erezler hakk\u0131nda daha <a href=\"https:\/\/www.freeprivacypolicy.com\/blog\/sample-privacy-policy-template\/#Use_Of_Cookies_And_Tracking\">fazla bilgi edinin. <\/a><\/p><p>A\u015fa\u011f\u0131da belirtilen ama\u00e7lar i\u00e7in hem Oturum hem de Kal\u0131c\u0131 \u00c7erezleri kullan\u0131yoruz:<\/p><ul><li><strong>Gerekli \/ Temel \u00c7erezler<\/strong><\/li><\/ul><p>T\u00fcr: Oturum \u00c7erezleri<\/p><p>Y\u00f6neten:Biz Ama\u00e7:<\/p><p>Bu \u00c7erezler, Size Web Sitesi arac\u0131l\u0131\u011f\u0131yla sunulan hizmetleri sa\u011flamak ve Sitenin baz\u0131 \u00f6zelliklerini kullanman\u0131z\u0131 sa\u011flamak i\u00e7in gereklidir. Kullan\u0131c\u0131lar\u0131n kimli\u011finin do\u011frulanmas\u0131na ve kullan\u0131c\u0131 hesaplar\u0131n\u0131n doland\u0131r\u0131c\u0131l\u0131k ama\u00e7l\u0131 kullan\u0131lmas\u0131n\u0131 \u00f6nlemeye yard\u0131mc\u0131 olurlar. Bu \u00c7erezler olmadan, talep etti\u011finiz hizmetler sa\u011flanamaz ve biz bu \u00c7erezleri yaln\u0131zca Size bu hizmetleri sa\u011flamak i\u00e7in kullan\u0131r\u0131z.<\/p><ul><li><strong>\u00c7erez Politikas\u0131 \/ Bildirim Kabul \u00c7erezleri<\/strong><\/li><\/ul><p>T\u00fcr: Kal\u0131c\u0131 \u00c7erezler<\/p><p>Y\u00f6neten: Biz<\/p><p>Ama\u00e7: Bu \u00c7erezler, kullan\u0131c\u0131lar\u0131n Web Sitesinde \u00e7erez kullan\u0131m\u0131n\u0131 kabul edip etmedi\u011fini belirler.<\/p><ul><li><strong>\u0130\u015flevsellik \u00c7erezleri<\/strong><\/li><\/ul><p>T\u00fcr: Kal\u0131c\u0131 \u00c7erezler<\/p><p>Y\u00f6neten: Biz<\/p><p>Ama\u00e7: Bu \u00c7erezler, Web Sitesini kulland\u0131\u011f\u0131n\u0131zda, giri\u015f bilgilerinizi veya dil tercihinizi hat\u0131rlamak gibi yapt\u0131\u011f\u0131n\u0131z se\u00e7imleri hat\u0131rlamam\u0131z\u0131 sa\u011flar. Bu \u00c7erezlerin amac\u0131 Size daha ki\u015fisel bir deneyim sunmak ve Web Sitesini her kulland\u0131\u011f\u0131n\u0131zda tercihlerinizi yeniden girmek zorunda kalmamak.<\/p><h2>Bu Gizlilik Politikas\u0131ndaki De\u011fi\u015fiklikler<\/h2><p>Gizlilik Politikam\u0131z\u0131 zaman zaman g\u00fcncelleyebiliriz. Bu sayfada yeni Gizlilik Politikas\u0131n\u0131 yay\u0131nlayarak herhangi bir de\u011fi\u015fiklik hakk\u0131nda sizi bilgilendirece\u011fiz.<\/p><p>De\u011fi\u015fikli\u011fin y\u00fcr\u00fcrl\u00fc\u011fe girmesinden ve bu Gizlilik Politikas\u0131n\u0131n \u00fcst k\u0131sm\u0131ndaki &#8220;Son g\u00fcncelleme&#8221; tarihini g\u00fcncellemeden \u00f6nce Size e-posta ve\/veya Hizmetimizle ilgili belirgin bir bildirim yoluyla bilgi verece\u011fiz.<\/p><p>Herhangi bir de\u011fi\u015fiklik i\u00e7in bu Gizlilik Politikas\u0131n\u0131 periyodik olarak g\u00f6zden ge\u00e7irmeniz tavsiye edilir. Bu Gizlilik Politikas\u0131nda yap\u0131lan de\u011fi\u015fiklikler, bu sayfada yay\u0131nland\u0131klar\u0131nda ge\u00e7erlidir.<\/p><h2>Bizimle \u0130leti\u015fime Ge\u00e7in<\/h2><p>Bu Gizlilik Politikas\u0131 ile ilgili herhangi bir sorunuz varsa, bizimle ileti\u015fime ge\u00e7ebilirsiniz:<\/p><ul><li>E-posta ile: cliveteam@googlegroups.com<\/li><li>Web sitemizdeki bu sayfay\u0131 ziyaret ederek: <a href=\"http:\/\/localhost\/teachingcreativity\/iletisim\/?lang=tr\">http:\/\/localhost\/teachingcreativity\/contact\/<\/a><\/li><\/ul>\t\t\t\t\t\t<\/div>\n\t\t\t\t<\/div>\n\t\t\t\t\t<\/div>\n\t\t<\/div>\n\t\t\t\t\t\t\t<\/div>\n\t\t<\/section>\n\t\t\t\t\t\t\t<\/div>\n\t\t","protected":false},"excerpt":{"rendered":"<p>G\u0130R\u0130\u015e Avrupa Birli\u011fi Erasmus+ Program\u0131 (2020-1-ES01-KA202-0821131) \u00e7er\u00e7evesinde geli\u015ftirilen ve \u015fu anda y\u00fcr\u00fct\u00fclen web sitemizi ziyaret etti\u011finiz i\u00e7in te\u015fekk\u00fcr ederiz. CLIVE, yarat\u0131c\u0131l\u0131k tekniklerini ve bunlarla ilgili dijital ara\u00e7lar\u0131 \u00f6\u011fretim faaliyetlerine yerle\u015ftirmek i\u00e7in yeni bir yakla\u015f\u0131m\u0131n geli\u015ftirilmesi yoluyla VET \u00f6\u011fretmenlerinin s\u00fcrekli geli\u015fimine y\u00f6nelik sistematik bir yakla\u015f\u0131m ve [&hellip;]<\/p>\n","protected":false},"author":1,"featured_media":0,"parent":0,"menu_order":0,"comment_status":"closed","ping_status":"open","template":"","meta":{"inline_featured_image":false},"acf":[],"_links":{"self":[{"href":"http:\/\/iestellez.ddns.net\/teachingcreativity\/wp-json\/wp\/v2\/pages\/10759"}],"collection":[{"href":"http:\/\/iestellez.ddns.net\/teachingcreativity\/wp-json\/wp\/v2\/pages"}],"about":[{"href":"http:\/\/iestellez.ddns.net\/teachingcreativity\/wp-json\/wp\/v2\/types\/page"}],"author":[{"embeddable":true,"href":"http:\/\/iestellez.ddns.net\/teachingcreativity\/wp-json\/wp\/v2\/users\/1"}],"replies":[{"embeddable":true,"href":"http:\/\/iestellez.ddns.net\/teachingcreativity\/wp-json\/wp\/v2\/comments?post=10759"}],"version-history":[{"count":4,"href":"http:\/\/iestellez.ddns.net\/teachingcreativity\/wp-json\/wp\/v2\/pages\/10759\/revisions"}],"predecessor-version":[{"id":13896,"href":"http:\/\/iestellez.ddns.net\/teachingcreativity\/wp-json\/wp\/v2\/pages\/10759\/revisions\/13896"}],"wp:attachment":[{"href":"http:\/\/iestellez.ddns.net\/teachingcreativity\/wp-json\/wp\/v2\/media?parent=10759"}],"curies":[{"name":"wp","href":"https:\/\/api.w.org\/{rel}","templated":true}]}}