{"id":10644,"date":"2022-06-23T19:24:52","date_gmt":"2022-06-23T16:24:52","guid":{"rendered":"http:\/\/localhost\/teachingcreativity\/politica-de-privacidad\/"},"modified":"2023-02-28T17:59:58","modified_gmt":"2023-02-28T14:59:58","slug":"politica-de-privacidad","status":"publish","type":"page","link":"http:\/\/iestellez.ddns.net\/teachingcreativity\/politica-de-privacidad\/?lang=es","title":{"rendered":"Pol\u00edtica de Privacidad"},"content":{"rendered":"\t\t<div data-elementor-type=\"wp-page\" data-elementor-id=\"10644\" class=\"elementor elementor-10644 elementor-3\" data-elementor-post-type=\"page\">\n\t\t\t\t\t\t\t\t\t<section class=\"elementor-section elementor-top-section elementor-element elementor-element-5a4a1ada elementor-section-boxed elementor-section-height-default elementor-section-height-default\" data-id=\"5a4a1ada\" data-element_type=\"section\">\n\t\t\t\t\t\t<div class=\"elementor-container elementor-column-gap-default\">\n\t\t\t\t\t<div class=\"elementor-column elementor-col-100 elementor-top-column elementor-element elementor-element-1abaa05e\" data-id=\"1abaa05e\" data-element_type=\"column\">\n\t\t\t<div class=\"elementor-widget-wrap elementor-element-populated\">\n\t\t\t\t\t\t\t\t<div class=\"elementor-element elementor-element-5c5f2fe8 elementor-widget elementor-widget-text-editor\" data-id=\"5c5f2fe8\" data-element_type=\"widget\" data-widget_type=\"text-editor.default\">\n\t\t\t\t<div class=\"elementor-widget-container\">\n\t\t\t\t\t\t\t<h2>Introducci\u00f3n<\/h2><p style=\"text-align: justify;\">Gracias por visitar nuestra p\u00e1gina web, que ha sido desarrollada y funciona en el marco del Programa Erasmus+ de la Uni\u00f3n Europea (2020-1-ES01-KA202-082113). El proyecto CLIVE tiene como objetivo introducir un enfoque sistem\u00e1tico y nuevas oportunidades para el desarrollo continuo de los profesores de FP y formaci\u00f3n continua a trav\u00e9s del desarrollo de un enfoque innovador para integrar las t\u00e9cnicas de creatividad y herramientas digitales relacionadas en sus actividades de ense\u00f1anza. De este modo, el programa CLIVE introduce un conjunto de habilidades que les permiten impartir una ense\u00f1anza de alta calidad en sus asignaturas, as\u00ed como abordar la necesidad de enfoques did\u00e1cticos m\u00e1s adaptados a los retos y demandas de hoy en d\u00eda. En este contexto, tu privacidad es importante para el consorcio, y por ello nos comprometemos a protegerla de acuerdo con el Reglamento Europeo 2016\/679 relativo a la protecci\u00f3n de las personas f\u00edsicas en lo que respecta al tratamiento de sus datos personales y a la libre circulaci\u00f3n de estos datos (Reglamento General de Protecci\u00f3n de Datos, en adelante el &#8220;Reglamento&#8221;) en su versi\u00f3n vigente. Para ello, ponemos a vuestra disposici\u00f3n la presente Pol\u00edtica de Privacidad que se aplica al sitio web de CLIVE (en adelante el &#8220;Sitio Web&#8221;) y que rige la recopilaci\u00f3n y el uso de informaci\u00f3n personal por parte del Sitio Web \u00fanicamente. Nos reservamos el derecho a actualizar o modificar nuestra Pol\u00edtica de Privacidad en cualquier momento. Teniendo esto en cuenta, recomendamos revisar peri\u00f3dicamente esta Pol\u00edtica de Privacidad para mantenerte al d\u00eda de posibles cambios.<\/p><h2>Tipo de informaci\u00f3n personal que procesamos<\/h2><p style=\"text-align: justify;\">La cantidad y el tipo de informaci\u00f3n que procesamos depende de tus actividades y del uso que hagas del sitio web. Cierta informaci\u00f3n se recopila simplemente a partir del uso del sitio web, mientras que otra informaci\u00f3n es enviada voluntariamente por quienes nos visitan en sus comunicaciones con el consorcio, o para recibir los servicios solicitados. A continuaci\u00f3n, explicamos la informaci\u00f3n que procesamos para nuestros distintos servicios. \u00bfCu\u00e1les son los motivos leg\u00edtimos para el tratamiento de tus datos personales? Las razones leg\u00edtimas para el tratamiento de tus datos personales son el inter\u00e9s leg\u00edtimo del consorcio CLIVE de promover los resultados del proyecto.<\/p><h2>\u00bfQui\u00e9n es el responsable del tratamiento de sus datos personales?<\/h2><p>Esta pol\u00edtica se aplica a todos tus datos personales procesados por (o en nombre de) CLIVE.<\/p><p>El consorcio CLIVE es responsable del tratamiento de tus Datos Personales y actuar\u00e1 por tanto como controlador de los mismos.<\/p><h2>Almacenamiento y eliminaci\u00f3n de la informaci\u00f3n personal que procesamos<\/h2><p>Cualquier informaci\u00f3n personal que nos proporciones a trav\u00e9s del sitio web o poni\u00e9ndote en contacto directamente<\/p><p>por correo electr\u00f3nico (cliveteam@googlegroups.com), o completando el formulario online disponible (http:\/\/localhost\/teachingcreativity\/contact\/) ser\u00e1 almacenada de forma segura por Fourpillars<\/p><p>s\u00f3lo durante el tiempo necesario para que podamos cumplir con nuestras obligaciones contractuales con la autoridad financiadora de CLIVE,<\/p><p>es decir, con la Uni\u00f3n Europea, y no m\u00e1s de 2 a\u00f1os desde la finalizaci\u00f3n del proyecto CLIVE,<\/p><p>a menos que sea necesario para la defensa de las reclamaciones legales derivadas<\/p><p>del contrato del proyecto CLIVE o seg\u00fan lo exija la legislaci\u00f3n obligatoria.<\/p><h2><strong>Tratamiento de tus datos personales: \u00bfqu\u00e9 datos personales recogemos?<\/strong><\/h2><p>Dependiendo de tu situaci\u00f3n espec\u00edfica, tal y como se describe a continuaci\u00f3n, es posible encontrar una visi\u00f3n general de los Datos Personales que ser\u00e1n procesados, bas\u00e1ndose en qu\u00e9 base(s) legal(es) y para qu\u00e9 prop\u00f3sito(s) ser\u00e1n procesados los Datos Personales.<\/p><h4><strong>A. VISITANTES DEL SITIO WEB<\/strong><\/h4><p>Al utilizar nuestro sitio web, cierta informaci\u00f3n personal se guarda autom\u00e1ticamente mediante cookies (pol\u00edtica de cookies m\u00e1s adelante). A excepci\u00f3n de la ubicaci\u00f3n aproximada (direcci\u00f3n IP) y la inscripci\u00f3n a los cursos online, la informaci\u00f3n recogida por nuestras cookies suele ser an\u00f3nima.<\/p><h4><strong>B. PARTICULARES<\/strong><\/h4><p>De las personas registradas es posible que recibamos la siguiente informaci\u00f3n:<\/p><ul><li>Direcci\u00f3n de correo electr\u00f3nico<\/li><li>Nombre<\/li><li>Apellidos<\/li><li>Direcci\u00f3n IP<\/li><\/ul><p>Tratamos estos datos personales con el fin de inscribir al individuo en los cursos online CLIVE (http:\/\/localhost\/teachingcreativity\/creativity-techniques\/).<\/p><h2><strong>Divulgaci\u00f3n de datos personales<\/strong><\/h2><p>En funci\u00f3n de los fines para los que recopilamos tus Datos Personales, podemos revelarlos a las siguientes categor\u00edas de destinatarios, que tratar\u00e1n tus Datos Personales \u00fanicamente en el marco de estos fines:<\/p><h4><strong>DENTRO DE NUESTRAS ORGANIZACIONES Y NUESTRO ENTORNO DE MARCA:<\/strong><\/h4><ul><li>Nuestros empleados\/as autorizados\/as;<\/li><\/ul><h2><strong>Per\u00edodo de conservaci\u00f3n<\/strong><\/h2><p>A menos que se requiera o se justifique un per\u00edodo de conservaci\u00f3n m\u00e1s largo debido a un plazo de prescripci\u00f3n o al cumplimiento de una obligaci\u00f3n legal, s\u00f3lo conservaremos tus Datos Personales durante el tiempo necesario para el tratamiento dentro de los fines mencionados.<\/p><h2>Tus Derechos<\/h2><p>Tienes una serie de derechos que puedes ejercer en cualquier momento. En particular, los siguientes:<\/p><ul><li><strong>Derecho a ser informado\/a:<\/strong> Tienes derecho a ser informado\/a sobre el tratamiento y el uso de tus datos personales, incluida la finalidad con la que tratamos esta informaci\u00f3n, el periodo en que la conservaremos y con qui\u00e9n la compartiremos.<\/li><li><strong>Derecho de acceso:<\/strong> Tienes derecho a pedirnos que te confirmemos si estamos tratando informaci\u00f3n personal que te concierne o no. En ese caso, puedes acceder a la informaci\u00f3n personal que estamos tratando y a la informaci\u00f3n complementaria pertinente.<\/li><li><strong>Derecho de rectificaci\u00f3n:<\/strong>Tienes derecho a solicitarnos que modifiquemos, corrijamos o actualicemos tu informaci\u00f3n personal en caso de que consideres que no est\u00e1 actualizada, es incompleta o poco precisa. Derecho de supresi\u00f3n (&#8220;derecho al olvido&#8221;): Tienes derecho a pedirnos que borremos tu informaci\u00f3n personal que estamos procesando, sujeto a restricciones espec\u00edficas.<\/li><li><strong>Derecho a restringir el tratamiento:<\/strong>Tienes derecho a solicitarnos que restrinjamos el tratamiento de tu informaci\u00f3n personal, con el fin de limitar la forma en que utilizamos esta informaci\u00f3n. Derecho a la portabilidad de los datos: Tienes derecho a solicitar que se te devuelvan tus datos personales o que se transfieran a un tercero.<\/li><li><strong>Derecho de oposici\u00f3n:<\/strong>Tienes derecho a oponerte a que procesemos tu informaci\u00f3n personal en cualquier momento por motivos relacionados con tu situaci\u00f3n particular.<\/li><li><strong>Derecho a no ser objeto de una decisi\u00f3n basada \u00fanicamente en el tratamiento automatizado<\/strong>(incluida la elaboraci\u00f3n de perfiles), que produzca efectos jur\u00eddicos sobre tu persona o que te afecte significativamente de forma similar. Para ejercer estos derechos, ponte en contacto con el consorcio CLIVE o env\u00edanos una notificaci\u00f3n a cliveteam@googlegroups.com. Ten en cuenta que tambi\u00e9n tienes derecho a presentar una reclamaci\u00f3n ante una autoridad de control (por ejemplo, la Autoridad de Protecci\u00f3n de Datos de su regi\u00f3n o pa\u00eds), si as\u00ed lo deseas.<\/li><\/ul><h2>Sitios web de terceros<\/h2><p>Nuestro sitio web puede contener enlaces o la posibilidad de acceder a sitios web de terceros. No somos responsables de las pr\u00e1cticas de privacidad empleadas por esos terceros, ni de la informaci\u00f3n o el contenido de sus sitios web. La presente pol\u00edtica de privacidad se aplica \u00fanicamente a la informaci\u00f3n recogida por nosotros. Por ello, te recomendamos que leas las pol\u00edticas de privacidad de los terceros antes de utilizar sus sitios web.<\/p><h2>Menores de edad<\/h2><p>No procesamos, utilizamos ni revelamos conscientemente informaci\u00f3n de ni\u00f1os menores de 16 a\u00f1os. Si nos enteramos de que hemos recopilado informaci\u00f3n personal de un menor de 16 a\u00f1os, tomaremos medidas para eliminar la informaci\u00f3n lo antes posible. Te rogamos que te pongas en contacto con el consorcio CLIVE inmediatamente si tienes conocimiento de que un menor de 16 a\u00f1os nos ha proporcionado informaci\u00f3n personal.<\/p><h2>Tecnolog\u00edas de seguimiento y cookies<\/h2><p>Utilizamos cookies y tecnolog\u00edas de seguimiento similares para rastrear la actividad en nuestro sitio web y almacenar cierta informaci\u00f3n. Las tecnolog\u00edas de seguimiento utilizadas son balizas electr\u00f3nicas, etiquetas y scripts para recoger y rastrear informaci\u00f3n y para mejorar y analizar nuestro Servicio. Las tecnolog\u00edas que utilizamos pueden incluir:<\/p><ul><li><strong>Cookies o Cookies del Navegador.<\/strong> Una cookie es un peque\u00f1o archivo colocado en tu dispositivo. Puedes indicar a tu navegador que rechace todas las cookies o que te indique cu\u00e1ndo se env\u00eda una cookie. Sin embargo, si no aceptas las Cookies, es posible que no puedas utilizar algunas utilidades de nuestro servicio. A menos que hayas ajustado la configuraci\u00f3n de tu navegador para que rechace las Cookies, nuestro Servicio puede utilizarlas.<\/li><li><strong>Cookies de Flash.<\/strong> Algunas funciones de nuestro Servicio pueden utilizar objetos locales almacenados (o Flash Cookies) para recoger y almacenar informaci\u00f3n sobre tus preferencias o actividad en nuestro Servicio. Las Flash Cookies no se gestionan con los mismos ajustes del navegador que los utilizados para las Cookies del navegador. Para obtener m\u00e1s informaci\u00f3n sobre c\u00f3mo puede eliminar las Flash Cookies, lee &#8220;\u00bfD\u00f3nde puedo cambiar la configuraci\u00f3n para desactivar o eliminar los objetos locales compartidos?&#8221; disponible en <a href=\"https:\/\/helpx.adobe.com\/flash-player\/kb\/disable-local-shared-objects-flash.html#main_Where_can_I_change_the_settings_for_disabling__or_deleting_local_shared_objects_\">https:\/\/helpx.adobe.com\/flash-player\/kb\/disable-local-shared-objects-flash.html#main_Where_can_I_change_the_settings_for_disabling__or_deleting_local_shared_objects_.<\/a><\/li><li><strong>Balizas web.<\/strong> Ciertas secciones de nuestro Servicio y nuestros correos electr\u00f3nicos pueden contener peque\u00f1os archivos electr\u00f3nicos conocidos como web beacons (tambi\u00e9n denominados clear gifs, pixel tags y single-pixel gifs) que permiten al consorcio, por ejemplo, contar el n\u00famero de los usuarios que ha visitado esas p\u00e1ginas o han abierto un correo electr\u00f3nico y para otras estad\u00edsticas relacionadas con el sitio web (por ejemplo, registrar la popularidad de una determinada secci\u00f3n y verificar la integridad del sistema y del servidor).<\/li><\/ul><p>Las cookies pueden ser &#8220;persistentes&#8221; o de &#8220;sesi\u00f3n&#8221;. Las Cookies persistentes permanecen en tu ordenador personal o dispositivo m\u00f3vil cuando se desconecta, mientras que las Cookies de sesi\u00f3n se eliminan en cuanto cierras el navegador web. Obt\u00e9n m\u00e1s informaci\u00f3n sobre las cookies en el art\u00edculo del sitio web <a href=\"https:\/\/www.freeprivacypolicy.com\/blog\/sample-privacy-policy-template\/#Use_Of_Cookies_And_Tracking\">Pol\u00edtica de privacidad<\/a> gratuita.<\/p><p>En el sitio web CLIVE utilizamos tanto las cookies de sesi\u00f3n como las persistentes para los fines que se indican a continuaci\u00f3n:<\/p><ul><li><strong>Cookies necesarias\/esenciales<\/strong><\/li><\/ul><p>Tipo: Cookies de sesi\u00f3n<\/p><p>Administradas por: el consorcio CLIVE<\/p><p>Finalidad: Estas cookies son esenciales para proporcionar los servicios disponibles a trav\u00e9s del sitio web y permitirte utilizar algunas de sus funciones. Ayudan a autenticar a los usuarios y a evitar el uso fraudulento de las cuentas de usuario. Sin estas Cookies, los servicios que has solicitado no pueden ser proporcionados, y s\u00f3lo utilizamos estas Cookies para proporcionarte dichos servicios.<\/p><ul><li><strong>Pol\u00edtica de Cookies \/ Aviso Aceptaci\u00f3n de Cookies<\/strong><\/li><\/ul><p>Tipo: Cookies persistentes<\/p><p>Administradas por: el consorcio CLIVE<\/p><p>Finalidad: Estas Cookies identifican si los usuarios han aceptado el uso de cookies en el Sitio Web.<\/p><ul><li><strong>Cookies de Funcionalidad<\/strong><\/li><\/ul><p>Tipo: Cookies persistentes<\/p><p>Administradas por: el consorcio CLIVE<\/p><p>Prop\u00f3sito: Estas cookies nos permiten recordar las opciones que los usuarios hacen cuando utiliza el sitio web, como recordar los datos de acceso o preferencias de idioma. El objetivo de estas cookies es proporcionarte una experiencia m\u00e1s personal y evitar que tenga que volver a introducir tus preferencias cada vez que utilice el sitio web.<\/p><h2>Cambios en la pol\u00edtica de privacidad<\/h2><p>Podemos actualizar nuestra Pol\u00edtica de Privacidad de vez en cuando. Notificaremos cualquier cambio publicando la nueva Pol\u00edtica de Privacidad en esta p\u00e1gina.<\/p><p>Adicionalmente, te lo comunicaremos por correo electr\u00f3nico y\/o mediante un aviso destacado en nuestro Sitio Web antes de que el cambio entre en vigor, y actualizaremos la fecha de &#8220;\u00daltima actualizaci\u00f3n&#8221; en la parte superior de esta Pol\u00edtica de Privacidad.<\/p><p>Aconsejamos revisar esta Pol\u00edtica de Privacidad peri\u00f3dicamente para conocer cualquier cambio. Los cambios en esta Pol\u00edtica de Privacidad son efectivos cuando se publican en esta p\u00e1gina.<\/p><h2>Ponte en contacto con el consorcio CLIVE<\/h2><p>Si tienes alguna pregunta sobre esta Pol\u00edtica de Privacidad, puedes ponerte en contacto con nosotros:<\/p><ul><li>Por correo electr\u00f3nico: cliveteam@googlegroups.com<\/li><li>Visitando esta p\u00e1gina de nuestro sitio web: <a href=\"http:\/\/localhost\/teachingcreativity\/contacto\/?lang=es\">http:\/\/localhost\/teachingcreativity\/contact\/<\/a><\/li><\/ul>\t\t\t\t\t\t<\/div>\n\t\t\t\t<\/div>\n\t\t\t\t\t<\/div>\n\t\t<\/div>\n\t\t\t\t\t\t\t<\/div>\n\t\t<\/section>\n\t\t\t\t\t\t\t<\/div>\n\t\t","protected":false},"excerpt":{"rendered":"<p>Introducci\u00f3n Gracias por visitar nuestra p\u00e1gina web, que ha sido desarrollada y funciona en el marco del Programa Erasmus+ de la Uni\u00f3n Europea (2020-1-ES01-KA202-082113). El proyecto CLIVE tiene como objetivo introducir un enfoque sistem\u00e1tico y nuevas oportunidades para el desarrollo continuo de los profesores de [&hellip;]<\/p>\n","protected":false},"author":1,"featured_media":0,"parent":0,"menu_order":0,"comment_status":"closed","ping_status":"open","template":"","meta":{"inline_featured_image":false},"acf":[],"_links":{"self":[{"href":"http:\/\/iestellez.ddns.net\/teachingcreativity\/wp-json\/wp\/v2\/pages\/10644"}],"collection":[{"href":"http:\/\/iestellez.ddns.net\/teachingcreativity\/wp-json\/wp\/v2\/pages"}],"about":[{"href":"http:\/\/iestellez.ddns.net\/teachingcreativity\/wp-json\/wp\/v2\/types\/page"}],"author":[{"embeddable":true,"href":"http:\/\/iestellez.ddns.net\/teachingcreativity\/wp-json\/wp\/v2\/users\/1"}],"replies":[{"embeddable":true,"href":"http:\/\/iestellez.ddns.net\/teachingcreativity\/wp-json\/wp\/v2\/comments?post=10644"}],"version-history":[{"count":4,"href":"http:\/\/iestellez.ddns.net\/teachingcreativity\/wp-json\/wp\/v2\/pages\/10644\/revisions"}],"predecessor-version":[{"id":13899,"href":"http:\/\/iestellez.ddns.net\/teachingcreativity\/wp-json\/wp\/v2\/pages\/10644\/revisions\/13899"}],"wp:attachment":[{"href":"http:\/\/iestellez.ddns.net\/teachingcreativity\/wp-json\/wp\/v2\/media?parent=10644"}],"curies":[{"name":"wp","href":"https:\/\/api.w.org\/{rel}","templated":true}]}}